{"id":8770,"date":"2017-10-15T18:48:37","date_gmt":"2017-10-15T16:48:37","guid":{"rendered":"http:\/\/tanzen-weilheim.de\/cms\/?page_id=8770"},"modified":"2026-02-02T08:27:04","modified_gmt":"2026-02-02T07:27:04","slug":"tanzkurse","status":"publish","type":"page","link":"https:\/\/tanzen-weilheim.de\/cms\/termine-main\/tanzkurse","title":{"rendered":"Tanzkurse"},"content":{"rendered":"\n<p class=\"has-medium-font-size\"><strong>Zeit f\u00fcr euch.<\/strong><br><strong>Ein Tanz, ein L\u00e4cheln, gute Laune.<\/strong> <br><strong>Ihr kommt mit Freude.<\/strong><br><strong>Wir bringen euch in Bewegung<\/strong>.<\/p>\n\n\n\n<p class=\"has-medium-font-size\"><strong>Unser Angebot f\u00fcr euch<\/strong><\/p>\n\n\n\n<hr class=\"wp-block-separator has-alpha-channel-opacity\"\/>\n\n\n\n<h3 class=\"wp-block-heading has-medium-font-size\"><a href=\"https:\/\/tanzen-weilheim.de\/cms\/tanzkurs-fuer-anfaenger\" data-type=\"page\" data-id=\"26264\">Anf\u00e4ngerkurs <\/a><\/h3>\n\n\n\n<h3 class=\"wp-block-heading has-medium-font-size\"><strong><a href=\"https:\/\/tanzen-weilheim.de\/cms\/tanzkurs-fuer-fortgeschrittene\" data-type=\"page\" data-id=\"26266\">Fortgeschrittenenkurs <\/a><\/strong><br><br><a href=\"https:\/\/tanzen-weilheim.de\/cms\/crash-tanzkurse\" data-type=\"page\" data-id=\"26270\"><strong>Crashkurs<\/strong><\/a><\/h3>\n\n\n\n<h3 class=\"wp-block-heading has-medium-font-size\"><strong><a href=\"https:\/\/tanzen-weilheim.de\/cms\/schuelertanzkurse\" data-type=\"page\" data-id=\"26268\">Sch\u00fclertanzkurs <\/a><\/strong><\/h3>\n\n\n\n<hr class=\"wp-block-separator has-alpha-channel-opacity\"\/>\n\n\n\n<p><br><br><\/p>\n\n\n\n<p><br><br><br><\/p>\n","protected":false},"excerpt":{"rendered":"<p>Zeit f\u00fcr euch.Ein Tanz, ein L\u00e4cheln, gute Laune. Ihr kommt mit Freude.Wir bringen euch in Bewegung. Unser Angebot f\u00fcr euch Anf\u00e4ngerkurs Fortgeschrittenenkurs Crashkurs Sch\u00fclertanzkurs<\/p>\n","protected":false},"author":19,"featured_media":22925,"parent":7,"menu_order":-3,"comment_status":"open","ping_status":"open","template":"","meta":{"footnotes":""},"class_list":["post-8770","page","type-page","status-publish","has-post-thumbnail","hentry"],"jetpack_sharing_enabled":true,"_links":{"self":[{"href":"https:\/\/tanzen-weilheim.de\/cms\/wp-json\/wp\/v2\/pages\/8770","targetHints":{"allow":["GET"]}}],"collection":[{"href":"https:\/\/tanzen-weilheim.de\/cms\/wp-json\/wp\/v2\/pages"}],"about":[{"href":"https:\/\/tanzen-weilheim.de\/cms\/wp-json\/wp\/v2\/types\/page"}],"author":[{"embeddable":true,"href":"https:\/\/tanzen-weilheim.de\/cms\/wp-json\/wp\/v2\/users\/19"}],"replies":[{"embeddable":true,"href":"https:\/\/tanzen-weilheim.de\/cms\/wp-json\/wp\/v2\/comments?post=8770"}],"version-history":[{"count":162,"href":"https:\/\/tanzen-weilheim.de\/cms\/wp-json\/wp\/v2\/pages\/8770\/revisions"}],"predecessor-version":[{"id":26302,"href":"https:\/\/tanzen-weilheim.de\/cms\/wp-json\/wp\/v2\/pages\/8770\/revisions\/26302"}],"up":[{"embeddable":true,"href":"https:\/\/tanzen-weilheim.de\/cms\/wp-json\/wp\/v2\/pages\/7"}],"wp:featuredmedia":[{"embeddable":true,"href":"https:\/\/tanzen-weilheim.de\/cms\/wp-json\/wp\/v2\/media\/22925"}],"wp:attachment":[{"href":"https:\/\/tanzen-weilheim.de\/cms\/wp-json\/wp\/v2\/media?parent=8770"}],"curies":[{"name":"wp","href":"https:\/\/api.w.org\/{rel}","templated":true}]}}