{"id":38,"date":"2008-01-18T09:32:26","date_gmt":"2008-01-18T08:32:26","guid":{"rendered":"http:\/\/www.tanzen-weilheim.de\/cms\/?page_id=38"},"modified":"2025-07-28T13:55:45","modified_gmt":"2025-07-28T11:55:45","slug":"impressum","status":"publish","type":"page","link":"https:\/\/tanzen-weilheim.de\/cms\/impressum","title":{"rendered":"Impressum"},"content":{"rendered":"\n<p>Tanzsportabteilung des TSV 1847 Weilheim e.V.<br>Pollinger Str. 9<br>82362 Weilheim<\/p>\n\n\n\n<p><strong>Vertretungsberechtigter Vorstand (TSV)<\/strong>:<br>1. Vorstand: <a href=\"mailto: b.Bartnik@TSV-Weilheim.com\">Bj\u00f6rn Bartnik<\/a><br>2. Vorstand: <a href=\"sebastian.krieger@tsv-weilheim.com\">Sebastian Krieger<\/a><\/p>\n\n\n\n<p>Registergericht: Amtsgericht Weilheim<br>Registernummer: VR 112<\/p>\n\n\n\n<p><strong>Inhaltlich Verantwortlicher gem\u00e4\u00df \u00a7 6 MDStV: Abteilungsleitung TSA* (Anschrift wie oben)<\/strong><br>Monika Marschall (Abteilungsleiterin der Tanzsportabteilung) <a href=\"mailto:abteilungsleiter@tanzen-weilheim.de\">abteilungsleiter@tanzen-weilheim.de<\/a><br>Peter Mayer (Stellv. Abteilungsleiter Tanzsportabteilung)<br><a href=\"mailto:stellv-abteilungsleiter@tanzen-weilheim.de\">stellv-Abteilungsleiter@tanzen-weilheim.de<\/a><br><\/p>\n\n\n\n<p>Haftungshinweis: Trotz sorgf\u00e4ltiger inhaltlicher Kontrolle \u00fcbernehmen wir keine Haftung f\u00fcr die Inhalte externer Links. F\u00fcr den Inhalt der verlinkten Seiten sind ausschlie\u00dflich deren Betreiber verantwortlich.<\/p>\n\n\n\n<p>* Wann liegen redaktionell-journalistische Texte vor? Die Abgrenzung ist nicht ganz einfach und unter den Gerichten umstritten. Als Faustformel gilt: Texte, die zur Meinungsbildung beitragen, sind redaktionell-journalistisch. Enth\u00e4lt beispielsweise eine Homepage Kommentare oder Stellungnahmen zu politischen oder kulturellen Themen, tr\u00e4gt das zur Meinungsbildung bei. Gleiches d\u00fcrfte bei integrierten Newstickern auf der Website gelten. Reine Produktbeschreibungen oder Dienstleistungsdarstellungen sind hingegen keine redaktionell-journalistische Texte. Tragen die Texte auf der Homepage zur Meinungsbildung bei, so verlangt \u00a7 6 des so genannten Vertrag \u00fcber Mediendienste (kurz MDStV) die Nennung eines Verantwortlichen, der f\u00fcr den Inhalt gesetzlich gerade steht.<\/p>\n\n\n\n<p><strong>Webdesign:<br><\/strong>Tobias Marschall<br>E-Mail: <a href=\"mailto:administrator@tanzen-weilheim.de\">administrator@tanzen-weilheim.de<\/a><\/p>\n","protected":false},"excerpt":{"rendered":"<p>Tanzsportabteilung des TSV 1847 Weilheim e.V.Pollinger Str. 982362 Weilheim Vertretungsberechtigter Vorstand (TSV):1. Vorstand: Bj\u00f6rn Bartnik2. Vorstand: Sebastian Krieger Registergericht: Amtsgericht WeilheimRegisternummer: VR 112 Inhaltlich Verantwortlicher gem\u00e4\u00df \u00a7 6 MDStV: Abteilungsleitung TSA* (Anschrift wie oben)Monika Marschall (Abteilungsleiterin der Tanzsportabteilung) abteilungsleiter@tanzen-weilheim.dePeter Mayer (Stellv. Abteilungsleiter Tanzsportabteilung)stellv-Abteilungsleiter@tanzen-weilheim.de Haftungshinweis: Trotz sorgf\u00e4ltiger inhaltlicher Kontrolle \u00fcbernehmen wir keine Haftung f\u00fcr die Inhalte [&hellip;]<\/p>\n","protected":false},"author":8,"featured_media":0,"parent":0,"menu_order":0,"comment_status":"closed","ping_status":"closed","template":"","meta":{"footnotes":""},"class_list":["post-38","page","type-page","status-publish","hentry"],"jetpack_sharing_enabled":true,"_links":{"self":[{"href":"https:\/\/tanzen-weilheim.de\/cms\/wp-json\/wp\/v2\/pages\/38","targetHints":{"allow":["GET"]}}],"collection":[{"href":"https:\/\/tanzen-weilheim.de\/cms\/wp-json\/wp\/v2\/pages"}],"about":[{"href":"https:\/\/tanzen-weilheim.de\/cms\/wp-json\/wp\/v2\/types\/page"}],"author":[{"embeddable":true,"href":"https:\/\/tanzen-weilheim.de\/cms\/wp-json\/wp\/v2\/users\/8"}],"replies":[{"embeddable":true,"href":"https:\/\/tanzen-weilheim.de\/cms\/wp-json\/wp\/v2\/comments?post=38"}],"version-history":[{"count":32,"href":"https:\/\/tanzen-weilheim.de\/cms\/wp-json\/wp\/v2\/pages\/38\/revisions"}],"predecessor-version":[{"id":25156,"href":"https:\/\/tanzen-weilheim.de\/cms\/wp-json\/wp\/v2\/pages\/38\/revisions\/25156"}],"wp:attachment":[{"href":"https:\/\/tanzen-weilheim.de\/cms\/wp-json\/wp\/v2\/media?parent=38"}],"curies":[{"name":"wp","href":"https:\/\/api.w.org\/{rel}","templated":true}]}}