{"id":27117,"date":"2026-04-17T11:04:53","date_gmt":"2026-04-17T09:04:53","guid":{"rendered":"https:\/\/tanzen-weilheim.de\/cms\/?page_id=27117"},"modified":"2026-04-22T07:45:13","modified_gmt":"2026-04-22T05:45:13","slug":"linedance-angebot","status":"publish","type":"page","link":"https:\/\/tanzen-weilheim.de\/cms\/linedance-angebot","title":{"rendered":"LINEDANCE Angebot"},"content":{"rendered":"\n<p><strong>Kosten f\u00fcr externe Interessenten: <\/strong>13 Euro\/Workshop-Angebot der Tanzsportabteilung <br>bitte in BAR m\u00f6glichst passend zum Workshop mitbringen \/\/ TSA-Mitglieder sind kostenfrei<br><br>um Anmeldung wird gebeten &#8211; DANKE <a href=\"mailto:stellv-abteilungsleiter@tanzen-weilheim.de\">hier anmelden <\/a><\/p>\n\n\n\n<p>AS= Turnhalle Ammerschule Weilheim Lohgasse 17<br>SpS= Spiegelsaal TSV 1847 Weilheim Sportzentrum P\u00f6ltnerstrasse 9<br><br><strong>Wichtig: Die Trainingsr\u00e4ume d\u00fcrfen nur mit sauberen Schuhen betreten werden<\/strong>,<br><strong>daher bitte Wechsel- oder Tanzschuhe mitbringen!<\/strong><\/p>\n\n\n\n<figure class=\"wp-block-table\"><table class=\"has-fixed-layout\"><tbody><tr><td>Datum<\/td><td>Uhrzeit<\/td><td>mit wem?<\/td><td>Anmeldung bis<\/td><td>Beschreibung<\/td><td>Veranstaltungsort<\/td><\/tr><tr><td>17.05.26<\/td><td>19:00-20:30<\/td><td>Martin \/ <br>Christine<\/td><td>(*)<\/td><td>Kurklinik-Workshop<br><\/td><td>Kurklinik <br>H\u00f6henried<\/td><\/tr><tr><td>30.06.26<\/td><td>19:00-20:30<\/td><td>Martin \/<br> Christine<\/td><td>(*)<\/td><td>Kurklinik-Workshop<br><\/td><td>Kurklinik <br>H\u00f6henried<\/td><\/tr><tr><td>20.09.26<\/td><td>16:00-18:00<\/td><td>Martin<\/td><td>14.06.26<\/td><td>Workshop der Tanzsportabteilung<\/td><td>AS<\/td><\/tr><tr><td>20.10.26<\/td><td>20:30-22:00<\/td><td>Martin<\/td><td>14.10.26<\/td><td>Workshop der Tanzsportabteilung<\/td><td>SpS<\/td><\/tr><\/tbody><\/table><\/figure>\n\n\n\n<p>(*) Achtung, das sind keine Workshops der TSA, sondern Veranstaltungen der Kurkliniken:<br>wer Lust hat Martin und Christine bei diesen Workshops zu unterst\u00fctzen meldet sich bitte unter <br>linedance@tanzen-weilheim.de (Mitfahrgelegenheit bzw. Abkl\u00e4rung der Parkplatzsituation vor Ort)<\/p>\n\n\n\n<p><a href=\"https:\/\/tanzen-weilheim.de\/cms\/linedance\">Videos zu unseren Linedance-Workshops<\/a><\/p>\n\n\n\n<p>Anleitung zu unseren Linedance-Workshops<\/p>\n\n\n\n<p><\/p>\n","protected":false},"excerpt":{"rendered":"<p>Kosten f\u00fcr externe Interessenten: 13 Euro\/Workshop-Angebot der Tanzsportabteilung bitte in BAR m\u00f6glichst passend zum Workshop mitbringen \/\/ TSA-Mitglieder sind kostenfrei um Anmeldung wird gebeten &#8211; DANKE hier anmelden AS= Turnhalle Ammerschule Weilheim Lohgasse 17SpS= Spiegelsaal TSV 1847 Weilheim Sportzentrum P\u00f6ltnerstrasse 9 Wichtig: Die Trainingsr\u00e4ume d\u00fcrfen nur mit sauberen Schuhen betreten werden,daher bitte Wechsel- oder Tanzschuhe [&hellip;]<\/p>\n","protected":false},"author":19,"featured_media":0,"parent":0,"menu_order":0,"comment_status":"closed","ping_status":"closed","template":"","meta":{"footnotes":""},"class_list":["post-27117","page","type-page","status-publish","hentry"],"jetpack_sharing_enabled":true,"_links":{"self":[{"href":"https:\/\/tanzen-weilheim.de\/cms\/wp-json\/wp\/v2\/pages\/27117","targetHints":{"allow":["GET"]}}],"collection":[{"href":"https:\/\/tanzen-weilheim.de\/cms\/wp-json\/wp\/v2\/pages"}],"about":[{"href":"https:\/\/tanzen-weilheim.de\/cms\/wp-json\/wp\/v2\/types\/page"}],"author":[{"embeddable":true,"href":"https:\/\/tanzen-weilheim.de\/cms\/wp-json\/wp\/v2\/users\/19"}],"replies":[{"embeddable":true,"href":"https:\/\/tanzen-weilheim.de\/cms\/wp-json\/wp\/v2\/comments?post=27117"}],"version-history":[{"count":14,"href":"https:\/\/tanzen-weilheim.de\/cms\/wp-json\/wp\/v2\/pages\/27117\/revisions"}],"predecessor-version":[{"id":27217,"href":"https:\/\/tanzen-weilheim.de\/cms\/wp-json\/wp\/v2\/pages\/27117\/revisions\/27217"}],"wp:attachment":[{"href":"https:\/\/tanzen-weilheim.de\/cms\/wp-json\/wp\/v2\/media?parent=27117"}],"curies":[{"name":"wp","href":"https:\/\/api.w.org\/{rel}","templated":true}]}}