{"id":270,"date":"2008-10-12T14:05:30","date_gmt":"2008-10-12T13:05:30","guid":{"rendered":"http:\/\/www.tanzen-weilheim.de\/cms\/?page_id=270"},"modified":"2026-01-28T11:38:05","modified_gmt":"2026-01-28T10:38:05","slug":"trainer","status":"publish","type":"page","link":"https:\/\/tanzen-weilheim.de\/cms\/uber-uns-main\/trainer","title":{"rendered":"Trainer \/ \u00dcbungsleiter"},"content":{"rendered":"\n<p class=\"has-medium-font-size\"><strong><a href=\"https:\/\/tanzen-weilheim.de\/cms\/scheuboeck-susanne\">Susanne Scheub\u00f6ck<\/a><\/strong><br>Trainer B-Standard \/\/ aktive Turniert\u00e4nzerin <br>Leistungsgruppe II Standard (Turnier) <br>Sondertraining und Privatstunden Standard Turnier<\/p>\n\n\n\n<p class=\"has-medium-font-size\"><strong><a href=\"https:\/\/tanzen-weilheim.de\/cms\/julia-woerle\">Julia W\u00f6rle&nbsp;<\/a><\/strong><br>Trainer Leistungssport B Latein<br>Leistungsgruppe II Latein (Turnier)<br>Privatstunden Latein<\/p>\n\n\n\n<p class=\"has-medium-font-size\"><strong><a href=\"https:\/\/tanzen-weilheim.de\/cms\/igor-akalowski\">Igor Akalowski<\/a><\/strong><br>Practice Standard Turnier bzw. Latein Turnier<br>Privatstunden Standard und Latein Turnier<\/p>\n\n\n\n<p class=\"has-medium-font-size\"><strong><a href=\"https:\/\/tanzen-weilheim.de\/cms\/tanja-dr-oliver-geulen\">Geulen Tanja &amp; Oliver, Dr.<\/a><\/strong><br>Tanja: Dipolomsportlehrerin Tanja + Oliver: S-Klasse in Latein und Standard<br>Gesellschaftsgruppe I + II<br>Leistungsgruppe I<br>Privatstunden Latein und Standar<\/p>\n\n\n\n<p class=\"has-medium-font-size\"><strong><a href=\"https:\/\/tanzen-weilheim.de\/cms\/birgit-handel\">Birgit Handel <\/a><\/strong><br>Breitensporttrainer C \/ gepr\u00fcfte \u00dcbungsleiterin der TSA \/ aktive Turniert\u00e4nzerin Sen IV A Latein und Sen IV A Standard<br>Anf\u00e4nger-, Fortgeschrittenentanzkurse<br>Einsteigergruppe<br>Hochzeitswalzer Privatstunden<\/p>\n\n\n\n<p class=\"has-medium-font-size\"><strong><a href=\"https:\/\/tanzen-weilheim.de\/cms\/peter-handel\">Peter Handel<\/a><\/strong> <br>Breitensporttrainer C \/ gepr\u00fcfter \u00dcbungsleiter der TSA \/ aktive Turniert\u00e4nzer Sen IV A Latein und Sen IV A Standard<br>Anf\u00e4nger- und Fortgeschrittenenkurse<\/p>\n\n\n\n<p><strong>Monika Marschall<\/strong><br>\u00dcbungsleiterin \/ aktive Turniert\u00e4nzerin Sen IV S Standard<br>Tanzm\u00e4use (Kindergruppe)\u00a0\/ Jugendgruppe<br><strong>Kontakt:\u00a0<a href=\"mailto:abteilungsleiter@tanzen-weilheim.de\">abteilungsleiter@tanzen-weilheim.de<\/a><\/strong><\/p>\n\n\n\n<p class=\"has-medium-font-size\"><strong>Christian Breitbarth<\/strong><br>Trainer C Leistungssport Standard<br>Endrundentraining Turnierpaare Standard (Latein)<br>Springer f\u00fcr Workshops und Unterrichtseinheiten<\/p>\n\n\n\n<p class=\"has-medium-font-size\"><strong>Dr. J\u00fcrgen Polifka<\/strong><br>Trainer C Leistungssport Standard <br>Workshops (Wiener Walzer, Slowfox)<br>Springer f\u00fcr Einsteiger und Gesellschaftskreis-Unterricht<\/p>\n\n\n\n<p class=\"has-medium-font-size\"><strong><a href=\"https:\/\/tanzen-weilheim.de\/cms\/paul-handel\">Paul Handel<\/a><\/strong><br>Breitensporttrainer C &amp; Trainer Leistungssport C Latein \/ gepr\u00fcfter \u00dcbungsleiter der TSA,<br>Sch\u00fclertanzkurse Gymnasium Weilheim<br>Springer f\u00fcr Einsteiger-Unterricht <br>Privatstunden Latein<\/p>\n\n\n\n<p class=\"has-medium-font-size\"><strong>Monika Niederreither<\/strong><br>Trainer A Leistungssport Latein<br>Workshops Turnier Latein<\/p>\n\n\n\n<p class=\"has-medium-font-size\"><strong><a href=\"https:\/\/tanzen-weilheim.de\/cms\/peter-schramm\">Peter Schramm<\/a><\/strong><br>Trainer Leistungssport A Standard &amp; Latein<br>Workshops&nbsp;Standard&nbsp;und&nbsp;Latein Freizeittanzsport und Turniertanzsport<\/p>\n\n\n\n<p class=\"has-medium-font-size\"><br><\/p>\n\n\n\n<p><br><\/p>\n","protected":false},"excerpt":{"rendered":"<p>Susanne Scheub\u00f6ckTrainer B-Standard \/\/ aktive Turniert\u00e4nzerin Leistungsgruppe II Standard (Turnier) Sondertraining und Privatstunden Standard Turnier Julia W\u00f6rle&nbsp;Trainer Leistungssport B LateinLeistungsgruppe II Latein (Turnier)Privatstunden Latein Igor AkalowskiPractice Standard Turnier bzw. Latein TurnierPrivatstunden Standard und Latein Turnier Geulen Tanja &amp; Oliver, Dr.Tanja: Dipolomsportlehrerin Tanja + Oliver: S-Klasse in Latein und StandardGesellschaftsgruppe I + IILeistungsgruppe IPrivatstunden Latein und [&hellip;]<\/p>\n","protected":false},"author":8,"featured_media":0,"parent":5,"menu_order":5,"comment_status":"closed","ping_status":"closed","template":"","meta":{"footnotes":""},"class_list":["post-270","page","type-page","status-publish","hentry"],"jetpack_sharing_enabled":true,"_links":{"self":[{"href":"https:\/\/tanzen-weilheim.de\/cms\/wp-json\/wp\/v2\/pages\/270","targetHints":{"allow":["GET"]}}],"collection":[{"href":"https:\/\/tanzen-weilheim.de\/cms\/wp-json\/wp\/v2\/pages"}],"about":[{"href":"https:\/\/tanzen-weilheim.de\/cms\/wp-json\/wp\/v2\/types\/page"}],"author":[{"embeddable":true,"href":"https:\/\/tanzen-weilheim.de\/cms\/wp-json\/wp\/v2\/users\/8"}],"replies":[{"embeddable":true,"href":"https:\/\/tanzen-weilheim.de\/cms\/wp-json\/wp\/v2\/comments?post=270"}],"version-history":[{"count":179,"href":"https:\/\/tanzen-weilheim.de\/cms\/wp-json\/wp\/v2\/pages\/270\/revisions"}],"predecessor-version":[{"id":26683,"href":"https:\/\/tanzen-weilheim.de\/cms\/wp-json\/wp\/v2\/pages\/270\/revisions\/26683"}],"up":[{"embeddable":true,"href":"https:\/\/tanzen-weilheim.de\/cms\/wp-json\/wp\/v2\/pages\/5"}],"wp:attachment":[{"href":"https:\/\/tanzen-weilheim.de\/cms\/wp-json\/wp\/v2\/media?parent=270"}],"curies":[{"name":"wp","href":"https:\/\/api.w.org\/{rel}","templated":true}]}}