{"id":26354,"date":"2025-12-29T18:33:59","date_gmt":"2025-12-29T17:33:59","guid":{"rendered":"https:\/\/tanzen-weilheim.de\/cms\/?page_id=26354"},"modified":"2026-01-06T19:42:49","modified_gmt":"2026-01-06T18:42:49","slug":"angebot-turniervorbereitung","status":"publish","type":"page","link":"https:\/\/tanzen-weilheim.de\/cms\/angebot-turniervorbereitung","title":{"rendered":"Angebot Turniervorbereitung"},"content":{"rendered":"\n<p>Diese Unterrichtseinheit (Leistungsgruppe I) dient der gezielten Vorbereitung auf den Einstieg oder die Teilnahme am Breiten- oder Turniersport. Voraussetzung hierf\u00fcr sind ein regelm\u00e4\u00dfiges freies Training sowie die kontinuierliche Teilnahme am Unterricht.<br><br>Bei Interesse an einer Teilnahme in dieser Gruppe wendet euch bitte an<br><a href=\"mailto:sportwart@tanzen-weilheim.de\">sportwart@tanzen-weilheim.de<\/a> oder <a href=\"mailto:abteilungsleiter@tanzen-weilheim.de\">abteilungsleiter@tanzen-weilheim.de<\/a><br><br>Wo: Turnhalle der Ammschule Weilheim Lohgasse 17 <br>Uhrzeit: 20:00 &#8211; 22:00 Uhr<br>Trainer: Oliver Geulen<\/p>\n\n\n\n<figure class=\"wp-block-table has-small-font-size\"><table><thead><tr><th>Datum<\/th><th>Thema<\/th><\/tr><\/thead><tbody><tr><td>09.01.2026<\/td><td>Lateint\u00e4nze <\/td><\/tr><tr><td>16.01.2026<\/td><td>Standardt\u00e4nze<\/td><\/tr><tr><td>23.01.2026<\/td><td>10-T\u00e4nze Endrundenvorbereitung<\/td><\/tr><tr><td>30.01.2026<\/td><td>Standardt\u00e4nze<\/td><\/tr><tr><td>06.02.2026<\/td><td>Lateint\u00e4nze<\/td><\/tr><tr><td>27.02.2026<\/td><td>Standardt\u00e4nze<\/td><\/tr><tr><td>13.03.2026<\/td><td>10-T\u00e4nze Endrundenvorbereitung<\/td><\/tr><tr><td>20.03.2026<\/td><td>Lateint\u00e4nze<\/td><\/tr><tr><td>17.04.2026<\/td><td>Standardt\u00e4nze<\/td><\/tr><tr><td>24.04.2026<\/td><td>10-T\u00e4nze Endrundenvorbereitung<\/td><\/tr><tr><td>08.05.2026<\/td><td>Lateint\u00e4nze<\/td><\/tr><tr><td>15.05.2026<\/td><td>Standardt\u00e4nze<\/td><\/tr><tr><td>22.05.2026<\/td><td>10-T\u00e4nze Endrundenvorbereitung<\/td><\/tr><tr><td>19.06.2026<\/td><td>Standardt\u00e4nze<\/td><\/tr><tr><td>26.06.2026<\/td><td>Lateint\u00e4nze<\/td><\/tr><tr><td>10.07.2026<\/td><td>Standardt\u00e4nze<\/td><\/tr><tr><td>17.07.2026<\/td><td>10-T\u00e4nze Endrundenvorbereitung<\/td><\/tr><tr><td>24.07.2026<\/td><td>Standardt\u00e4nze<\/td><\/tr><tr><td>18.09.2026<\/td><td>Lateint\u00e4nze<\/td><\/tr><tr><td>25.09.2026<\/td><td>Standardt\u00e4nze<\/td><\/tr><tr><td>02.10.2026<\/td><td>Standardt\u00e4nze<\/td><\/tr><tr><td>09.10.2026<\/td><td>10-T\u00e4nze Endrundenvorbereitung<\/td><\/tr><tr><td>23.10.2026<\/td><td>Lateint\u00e4nze<\/td><\/tr><tr><td>30.10.2026<\/td><td>Standardt\u00e4nze<\/td><\/tr><tr><td>13.11.2026<\/td><td>10-T\u00e4nze Endrundenvorbereitung<\/td><\/tr><tr><td>27.11.2026<\/td><td>Lateint\u00e4nze<\/td><\/tr><tr><td>11.12.2026<\/td><td>10-T\u00e4nze Endrundenvorbereitung<\/td><\/tr><tr><td>18.12.2026<\/td><td>Standardt\u00e4nze<\/td><\/tr><\/tbody><\/table><\/figure>\n\n\n\n<p><\/p>\n","protected":false},"excerpt":{"rendered":"<p>Diese Unterrichtseinheit (Leistungsgruppe I) dient der gezielten Vorbereitung auf den Einstieg oder die Teilnahme am Breiten- oder Turniersport. Voraussetzung hierf\u00fcr sind ein regelm\u00e4\u00dfiges freies Training sowie die kontinuierliche Teilnahme am Unterricht. Bei Interesse an einer Teilnahme in dieser Gruppe wendet euch bitte ansportwart@tanzen-weilheim.de oder abteilungsleiter@tanzen-weilheim.de Wo: Turnhalle der Ammschule Weilheim Lohgasse 17 Uhrzeit: 20:00 &#8211; [&hellip;]<\/p>\n","protected":false},"author":19,"featured_media":0,"parent":0,"menu_order":0,"comment_status":"closed","ping_status":"closed","template":"","meta":{"footnotes":""},"class_list":["post-26354","page","type-page","status-publish","hentry"],"jetpack_sharing_enabled":true,"_links":{"self":[{"href":"https:\/\/tanzen-weilheim.de\/cms\/wp-json\/wp\/v2\/pages\/26354","targetHints":{"allow":["GET"]}}],"collection":[{"href":"https:\/\/tanzen-weilheim.de\/cms\/wp-json\/wp\/v2\/pages"}],"about":[{"href":"https:\/\/tanzen-weilheim.de\/cms\/wp-json\/wp\/v2\/types\/page"}],"author":[{"embeddable":true,"href":"https:\/\/tanzen-weilheim.de\/cms\/wp-json\/wp\/v2\/users\/19"}],"replies":[{"embeddable":true,"href":"https:\/\/tanzen-weilheim.de\/cms\/wp-json\/wp\/v2\/comments?post=26354"}],"version-history":[{"count":5,"href":"https:\/\/tanzen-weilheim.de\/cms\/wp-json\/wp\/v2\/pages\/26354\/revisions"}],"predecessor-version":[{"id":26463,"href":"https:\/\/tanzen-weilheim.de\/cms\/wp-json\/wp\/v2\/pages\/26354\/revisions\/26463"}],"wp:attachment":[{"href":"https:\/\/tanzen-weilheim.de\/cms\/wp-json\/wp\/v2\/media?parent=26354"}],"curies":[{"name":"wp","href":"https:\/\/api.w.org\/{rel}","templated":true}]}}