{"id":26327,"date":"2025-12-29T17:36:16","date_gmt":"2025-12-29T16:36:16","guid":{"rendered":"https:\/\/tanzen-weilheim.de\/cms\/?page_id=26327"},"modified":"2026-03-27T10:50:39","modified_gmt":"2026-03-27T09:50:39","slug":"angebot-turniersport","status":"publish","type":"page","link":"https:\/\/tanzen-weilheim.de\/cms\/angebot-turniersport","title":{"rendered":"Angebot Turniersport"},"content":{"rendered":"\n<p class=\"has-large-font-size\"><strong>Standard und Latein<\/strong> <br><strong> (Workshops nur f\u00fcr Turnierpaare)<\/strong><\/p>\n\n\n\n<p>Damit wir unsere Sondertrainings und Workshops optimal planen k\u00f6nnen, bitten wir um eine rechtzeitige Anmeldung.<br>F\u00fcr Privatstundenbuchungen (PS) stehen wir euch gerne ebenfalls unter <a href=\"mailto:sportwart@tanzen-weilheim.de\">sportwart@tanzen-weilheim.de<\/a> zur Verf\u00fcgung.<\/p>\n\n\n\n<figure class=\"wp-block-table\"><table class=\"has-fixed-layout\"><tbody><tr><td>Datum<\/td><td>Thema<\/td><td>Trainer\/Leitender<\/td><td>Uhrzeit<\/td><td>Raum<\/td><td>PS Standard<br>m\u00f6glich<\/td><td>PS Latein<br>m\u00f6glich<\/td><\/tr><tr><td>12.04.2026<\/td><td>Sondertraining Standard<\/td><td>Susanne Scheub\u00f6ck<\/td><td>18:00-19:30<\/td><td>SpS<\/td><td>ja<\/td><td>nein<\/td><\/tr><tr><td>29.04.26<\/td><td>Endrunde<br>Standard<\/td><td>Christian<\/td><td>19:00-20:30<\/td><td>SpS<\/td><td>nein<\/td><td>nein<\/td><\/tr><tr><td>13.05.26<\/td><td>Endrunde<br>Standard<\/td><td>Christian<\/td><td>19:00-20:30<\/td><td>SpS<\/td><td>nein<\/td><td>nein<\/td><\/tr><tr><td>17.05.26<\/td><td>Sondertraining Standard<\/td><td>Susanne Scheub\u00f6ck<\/td><td>18:00-19:30<\/td><td>SpS<\/td><td>ja<\/td><td>nein<\/td><\/tr><tr><td>31.05.26<\/td><td>Practice Workshop Standard<\/td><td>Igor Akalowski<\/td><td>18:00-19:30<\/td><td>SpS<\/td><td>ja<\/td><td>ja<\/td><\/tr><tr><td>31.05.26<\/td><td>Workshop Latein<\/td><td>Igor Akalowski<\/td><td>noch offen<\/td><td>SpS<\/td><td>ja<\/td><td>ja<\/td><\/tr><tr><td>07.06.26<\/td><td>Sondertraining Standard<\/td><td>Susanne Scheub\u00f6ck<\/td><td>18:00-19.30<\/td><td>SpS<\/td><td>ja<\/td><td>ja<\/td><\/tr><tr><td>24.06.26<\/td><td>Endrunde<br>Standard<\/td><td>Christian<\/td><td>19:00-20:30<\/td><td>SpS<\/td><td>nein<\/td><td>nein<\/td><\/tr><\/tbody><\/table><\/figure>\n\n\n\n<p>SpS = Spiegelsaal TSV 1847 Weilheim Sportzentrum Pollingerstrasse 9<br>MZR = MehrZweckRaum TSV 1847 Weilheim Sportzentrum Pollingerstrasse 9<br>ABN = Anbau Nord TSV 1848 Weilheim Sportzentrum Pollingerstrasse 9<br>AS= Turnhalle Ammerschule Weilheim Lohgasse 17<\/p>\n\n\n\n<p><strong>**Kosten externe  Paare\u00a0 Turniersport-Trainingseinheiten <\/strong><br>Einzelstunden: bitte bei der Sportwartin erfragen &#8211; h\u00e4ngt vom Trainer ab \ud83d\ude09<br>Endrunde Standard: 1.5 h Kosten\/Paar 5 Euro<br>Practice-Workshop: 1.5 h Kosten\/Person: 13 Euro<br>Sondertraining: 1.5 h Kosten\/Person: 15 Euro<br>Sondertraining: 1 h Kosten\/Person: 10 Euro<br>Sondertraining: 2 h Kosten\/Person: 20 Euro <br>Power Camp: anfallende Kosten werden gesondert berechnet und bekannt gegeben<br><br>F\u00fcr Kombinationsmitglieder TSA Weiheim\/F\u00d6V sind die meisten unsere Sondertrainingeinheiten und Practiceeinheiten kostenfrei \ud83d\ude42<br><\/p>\n","protected":false},"excerpt":{"rendered":"<p>Standard und Latein (Workshops nur f\u00fcr Turnierpaare) Damit wir unsere Sondertrainings und Workshops optimal planen k\u00f6nnen, bitten wir um eine rechtzeitige Anmeldung.F\u00fcr Privatstundenbuchungen (PS) stehen wir euch gerne ebenfalls unter sportwart@tanzen-weilheim.de zur Verf\u00fcgung. Datum Thema Trainer\/Leitender Uhrzeit Raum PS Standardm\u00f6glich PS Lateinm\u00f6glich 12.04.2026 Sondertraining Standard Susanne Scheub\u00f6ck 18:00-19:30 SpS ja nein 29.04.26 EndrundeStandard Christian 19:00-20:30 [&hellip;]<\/p>\n","protected":false},"author":19,"featured_media":0,"parent":0,"menu_order":0,"comment_status":"closed","ping_status":"closed","template":"","meta":{"footnotes":""},"class_list":["post-26327","page","type-page","status-publish","hentry"],"jetpack_sharing_enabled":true,"_links":{"self":[{"href":"https:\/\/tanzen-weilheim.de\/cms\/wp-json\/wp\/v2\/pages\/26327","targetHints":{"allow":["GET"]}}],"collection":[{"href":"https:\/\/tanzen-weilheim.de\/cms\/wp-json\/wp\/v2\/pages"}],"about":[{"href":"https:\/\/tanzen-weilheim.de\/cms\/wp-json\/wp\/v2\/types\/page"}],"author":[{"embeddable":true,"href":"https:\/\/tanzen-weilheim.de\/cms\/wp-json\/wp\/v2\/users\/19"}],"replies":[{"embeddable":true,"href":"https:\/\/tanzen-weilheim.de\/cms\/wp-json\/wp\/v2\/comments?post=26327"}],"version-history":[{"count":26,"href":"https:\/\/tanzen-weilheim.de\/cms\/wp-json\/wp\/v2\/pages\/26327\/revisions"}],"predecessor-version":[{"id":27098,"href":"https:\/\/tanzen-weilheim.de\/cms\/wp-json\/wp\/v2\/pages\/26327\/revisions\/27098"}],"wp:attachment":[{"href":"https:\/\/tanzen-weilheim.de\/cms\/wp-json\/wp\/v2\/media?parent=26327"}],"curies":[{"name":"wp","href":"https:\/\/api.w.org\/{rel}","templated":true}]}}