{"id":26270,"date":"2025-12-29T11:32:12","date_gmt":"2025-12-29T10:32:12","guid":{"rendered":"https:\/\/tanzen-weilheim.de\/cms\/?page_id=26270"},"modified":"2026-04-24T11:07:31","modified_gmt":"2026-04-24T09:07:31","slug":"crash-tanzkurse","status":"publish","type":"page","link":"https:\/\/tanzen-weilheim.de\/cms\/crash-tanzkurse","title":{"rendered":"Crash-Tanzkurs"},"content":{"rendered":"\n<p><strong>zum schnellen Auffrischen des t\u00e4nzerischen K\u00f6nnens <\/strong><br>Grundlagen sollten vorhanden sein z.B. ein Einsteigertanzkurs<\/p>\n\n\n\n<p><strong>Wann:<\/strong> <strong> <\/strong>in Begleitung zum Sch\u00fclertanzkurs des Gymnasium Weilheims <br>Der Crash-Tanzkurs findet bei ausreichender Teilnehmerzahl statt. Selbstverst\u00e4ndlich sind auch Erwachsene ohne Kinder am Gymnasium herzlich willkommen.<\/p>\n\n\n\n<p><strong>aktuelle Termine:<\/strong> aktuell ist kein Crash-Kurs geplant <\/p>\n\n\n\n<p><strong>Leitung: <\/strong>Birgit &amp; Peter Handel (Breitensporttrainer C)<br><br><strong>Wo: <\/strong>Turnhalle der Ammerschule 82362 Weilheim Lohgasse 17<br><br><strong>Zeit:<\/strong> 20-22 Uhr<br><br><strong>Anmeldung<\/strong> per e-Mail beim <a href=\"mailto:elterntanzkurs@tanzen-weilheim.de\">Tanzkursleiter<\/a><br><br><strong>Kosten: <\/strong>25 Euro\/Person<\/p>\n","protected":false},"excerpt":{"rendered":"<p>zum schnellen Auffrischen des t\u00e4nzerischen K\u00f6nnens Grundlagen sollten vorhanden sein z.B. ein Einsteigertanzkurs Wann: in Begleitung zum Sch\u00fclertanzkurs des Gymnasium Weilheims Der Crash-Tanzkurs findet bei ausreichender Teilnehmerzahl statt. Selbstverst\u00e4ndlich sind auch Erwachsene ohne Kinder am Gymnasium herzlich willkommen. aktuelle Termine: aktuell ist kein Crash-Kurs geplant Leitung: Birgit &amp; Peter Handel (Breitensporttrainer C) Wo: Turnhalle der [&hellip;]<\/p>\n","protected":false},"author":19,"featured_media":0,"parent":0,"menu_order":0,"comment_status":"closed","ping_status":"closed","template":"","meta":{"footnotes":""},"class_list":["post-26270","page","type-page","status-publish","hentry"],"jetpack_sharing_enabled":true,"_links":{"self":[{"href":"https:\/\/tanzen-weilheim.de\/cms\/wp-json\/wp\/v2\/pages\/26270","targetHints":{"allow":["GET"]}}],"collection":[{"href":"https:\/\/tanzen-weilheim.de\/cms\/wp-json\/wp\/v2\/pages"}],"about":[{"href":"https:\/\/tanzen-weilheim.de\/cms\/wp-json\/wp\/v2\/types\/page"}],"author":[{"embeddable":true,"href":"https:\/\/tanzen-weilheim.de\/cms\/wp-json\/wp\/v2\/users\/19"}],"replies":[{"embeddable":true,"href":"https:\/\/tanzen-weilheim.de\/cms\/wp-json\/wp\/v2\/comments?post=26270"}],"version-history":[{"count":10,"href":"https:\/\/tanzen-weilheim.de\/cms\/wp-json\/wp\/v2\/pages\/26270\/revisions"}],"predecessor-version":[{"id":27265,"href":"https:\/\/tanzen-weilheim.de\/cms\/wp-json\/wp\/v2\/pages\/26270\/revisions\/27265"}],"wp:attachment":[{"href":"https:\/\/tanzen-weilheim.de\/cms\/wp-json\/wp\/v2\/media?parent=26270"}],"curies":[{"name":"wp","href":"https:\/\/api.w.org\/{rel}","templated":true}]}}