{"id":26268,"date":"2025-12-29T11:31:33","date_gmt":"2025-12-29T10:31:33","guid":{"rendered":"https:\/\/tanzen-weilheim.de\/cms\/?page_id=26268"},"modified":"2026-04-24T11:09:10","modified_gmt":"2026-04-24T09:09:10","slug":"schuelertanzkurse","status":"publish","type":"page","link":"https:\/\/tanzen-weilheim.de\/cms\/schuelertanzkurse","title":{"rendered":"Sch\u00fclertanzkurse"},"content":{"rendered":"\n<p>Euer erster Tanzkurs \u2013 exklusiv f\u00fcr euch. Lernt gemeinsam mit euren Klassenkameraden die wichtigsten T\u00e4nze und habt Spa\u00df bei Musik, Bewegung und neuen Moves.<br><\/p>\n\n\n\n<p><strong>eine Kooperation mit dem Gymnasium Weilheim<\/strong><\/p>\n\n\n\n<p><strong>Termin: <\/strong>Januar bis M\u00e4rz <br><strong>aktuelle Termine:<\/strong>\u00a0die Termine f\u00fcr 2027 sind noch nicht festgelegt<\/p>\n\n\n\n<p><strong>Leitung:<\/strong> Paul Handel (Breitensporttrainer C; Leistungssporttrainer C Latein) und Peter Handel (Breitensporttrainer C)<br><br><strong>Zeit:<\/strong>&nbsp;9.Klassen: 10-12 Uhr \/ 10. Klassen 12-14 Uhr<\/p>\n\n\n\n<p><strong>F\u00fcr wen:<\/strong>&nbsp;Sch\u00fcler*innen der&nbsp;<strong>9. und 10. Klasse<\/strong>&nbsp;des&nbsp;<strong>Gymnasiums Weilheim<\/strong><\/p>\n\n\n\n<p><strong>Ort:<\/strong>&nbsp;Pausenhalle B Gymnasium Weilheim<\/p>\n\n\n\n<p><strong>Anmeldung:<\/strong>&nbsp;ausschlie\u00dflich \u00fcber die&nbsp;<strong>SMV des Gymnasiums Weilheim<\/strong> <br>(die Einladung mit genaueren Informationen erfolgt \u00fcber die SMV im Dezember)<\/p>\n\n\n\n<p><strong>Abschlussabend:<\/strong><br>hier liegt die Organisation\/Durchf\u00fchrung in der Verantwortung der SMV Gymnasium Weilheim<br>Termin: wird von der SMV festgelegt<\/p>\n","protected":false},"excerpt":{"rendered":"<p>Euer erster Tanzkurs \u2013 exklusiv f\u00fcr euch. Lernt gemeinsam mit euren Klassenkameraden die wichtigsten T\u00e4nze und habt Spa\u00df bei Musik, Bewegung und neuen Moves. eine Kooperation mit dem Gymnasium Weilheim Termin: Januar bis M\u00e4rz aktuelle Termine:\u00a0die Termine f\u00fcr 2027 sind noch nicht festgelegt Leitung: Paul Handel (Breitensporttrainer C; Leistungssporttrainer C Latein) und Peter Handel (Breitensporttrainer [&hellip;]<\/p>\n","protected":false},"author":19,"featured_media":0,"parent":0,"menu_order":0,"comment_status":"closed","ping_status":"closed","template":"","meta":{"footnotes":""},"class_list":["post-26268","page","type-page","status-publish","hentry"],"jetpack_sharing_enabled":true,"_links":{"self":[{"href":"https:\/\/tanzen-weilheim.de\/cms\/wp-json\/wp\/v2\/pages\/26268","targetHints":{"allow":["GET"]}}],"collection":[{"href":"https:\/\/tanzen-weilheim.de\/cms\/wp-json\/wp\/v2\/pages"}],"about":[{"href":"https:\/\/tanzen-weilheim.de\/cms\/wp-json\/wp\/v2\/types\/page"}],"author":[{"embeddable":true,"href":"https:\/\/tanzen-weilheim.de\/cms\/wp-json\/wp\/v2\/users\/19"}],"replies":[{"embeddable":true,"href":"https:\/\/tanzen-weilheim.de\/cms\/wp-json\/wp\/v2\/comments?post=26268"}],"version-history":[{"count":8,"href":"https:\/\/tanzen-weilheim.de\/cms\/wp-json\/wp\/v2\/pages\/26268\/revisions"}],"predecessor-version":[{"id":27266,"href":"https:\/\/tanzen-weilheim.de\/cms\/wp-json\/wp\/v2\/pages\/26268\/revisions\/27266"}],"wp:attachment":[{"href":"https:\/\/tanzen-weilheim.de\/cms\/wp-json\/wp\/v2\/media?parent=26268"}],"curies":[{"name":"wp","href":"https:\/\/api.w.org\/{rel}","templated":true}]}}