{"id":26266,"date":"2025-12-29T11:31:09","date_gmt":"2025-12-29T10:31:09","guid":{"rendered":"https:\/\/tanzen-weilheim.de\/cms\/?page_id=26266"},"modified":"2026-04-24T11:05:59","modified_gmt":"2026-04-24T09:05:59","slug":"tanzkurs-fuer-fortgeschrittene","status":"publish","type":"page","link":"https:\/\/tanzen-weilheim.de\/cms\/tanzkurs-fuer-fortgeschrittene","title":{"rendered":"Tanzkurs f\u00fcr Fortgeschrittene"},"content":{"rendered":"\n<p>Du hast die Grundschritte drauf und willst mehr?<br> In unserem Kurs f\u00fcr Fortgeschrittene geht\u2019s richtig los \u2013 mit neuen Figuren, mehr Technik und noch mehr Tanzfreude<br><\/p>\n\n\n\n<h3 class=\"wp-block-heading has-medium-font-size\"><strong>Wann:<\/strong>&nbsp;Immer im&nbsp;<strong>Fr\u00fchjahr<\/strong><br><br>aktuelle Termine 2026 demn\u00e4chst an dieser Stelle<\/h3>\n\n\n\n<p><strong>Wo:<\/strong>&nbsp;TSV 1847 Weilheim e.V.  Sportzentrum \u201eSpiegelsaal\u201c<\/p>\n\n\n\n<p><strong>Zeit:<\/strong>&nbsp;<strong>mittwochs, 20:30 \u2013 22:00 Uhr<\/strong><br><strong>9 Abende&nbsp;mit&nbsp;je&nbsp;1.5&nbsp;h&nbsp;Unterricht<\/strong><\/p>\n\n\n\n<p>geplante Termine f\u00fcr 2026:<br>M\u00e4rz: 18; 25<br>April: 15; 22; 29<br>Mai: 6; 20<br>Juni: 10; 17; (24: Ersatztermin, falls ein Termin krankheitsbedingt ausf\u00e4llt)<\/p>\n\n\n\n<p><strong>Leitung:<\/strong>&nbsp;Birgit &amp; Peter Handel (Breitensport-Trainer C)<\/p>\n\n\n\n<p><strong>Kosten<\/strong>\/<strong>Person:<\/strong> <br>90 Euro (55 Euro erm\u00e4\u00dfigt, Sch\u00fcler, Studenten, Azubis (Nachweis bitte mitbringen!))<\/p>\n\n\n\n<p><strong>Anmeldung, Fragen und\u00a0 weitere Information:<\/strong><br>Peter Handel\u00a0\u00a0 <br>Telefon: 0881 7667<br>um Anmeldung beim <a href=\"mailto:tanzkurs@tanzen-weilheim.de\">Tanzkursleiter <\/a> wird gebeten<\/p>\n\n\n\n<p>Der Tanzkurs (Fortgeschrittene) der TSA wird unterst\u00fctzt vom&nbsp; <br><strong><a href=\"http:\/\/tanzen-weilheim-foerderverein.de\/\" target=\"_blank\" rel=\"noreferrer noopener\">Verein zur F\u00f6rderung des Tanzsports im Raum Weilheim&nbsp;e.V.<\/a><\/strong><\/p>\n","protected":false},"excerpt":{"rendered":"<p>Du hast die Grundschritte drauf und willst mehr? In unserem Kurs f\u00fcr Fortgeschrittene geht\u2019s richtig los \u2013 mit neuen Figuren, mehr Technik und noch mehr Tanzfreude Wann:&nbsp;Immer im&nbsp;Fr\u00fchjahr aktuelle Termine 2026 demn\u00e4chst an dieser Stelle Wo:&nbsp;TSV 1847 Weilheim e.V. Sportzentrum \u201eSpiegelsaal\u201c Zeit:&nbsp;mittwochs, 20:30 \u2013 22:00 Uhr9 Abende&nbsp;mit&nbsp;je&nbsp;1.5&nbsp;h&nbsp;Unterricht geplante Termine f\u00fcr 2026:M\u00e4rz: 18; 25April: 15; 22; [&hellip;]<\/p>\n","protected":false},"author":19,"featured_media":0,"parent":0,"menu_order":0,"comment_status":"closed","ping_status":"closed","template":"","meta":{"footnotes":""},"class_list":["post-26266","page","type-page","status-publish","hentry"],"jetpack_sharing_enabled":true,"_links":{"self":[{"href":"https:\/\/tanzen-weilheim.de\/cms\/wp-json\/wp\/v2\/pages\/26266","targetHints":{"allow":["GET"]}}],"collection":[{"href":"https:\/\/tanzen-weilheim.de\/cms\/wp-json\/wp\/v2\/pages"}],"about":[{"href":"https:\/\/tanzen-weilheim.de\/cms\/wp-json\/wp\/v2\/types\/page"}],"author":[{"embeddable":true,"href":"https:\/\/tanzen-weilheim.de\/cms\/wp-json\/wp\/v2\/users\/19"}],"replies":[{"embeddable":true,"href":"https:\/\/tanzen-weilheim.de\/cms\/wp-json\/wp\/v2\/comments?post=26266"}],"version-history":[{"count":9,"href":"https:\/\/tanzen-weilheim.de\/cms\/wp-json\/wp\/v2\/pages\/26266\/revisions"}],"predecessor-version":[{"id":27263,"href":"https:\/\/tanzen-weilheim.de\/cms\/wp-json\/wp\/v2\/pages\/26266\/revisions\/27263"}],"wp:attachment":[{"href":"https:\/\/tanzen-weilheim.de\/cms\/wp-json\/wp\/v2\/media?parent=26266"}],"curies":[{"name":"wp","href":"https:\/\/api.w.org\/{rel}","templated":true}]}}