{"id":16161,"date":"2021-12-26T12:09:16","date_gmt":"2021-12-26T11:09:16","guid":{"rendered":"http:\/\/tanzen-weilheim.de\/cms\/?page_id=16161"},"modified":"2021-12-26T12:09:16","modified_gmt":"2021-12-26T11:09:16","slug":"igor-akalowski","status":"publish","type":"page","link":"https:\/\/tanzen-weilheim.de\/cms\/igor-akalowski","title":{"rendered":"Igor Akalowski"},"content":{"rendered":"\n<p><strong>Igor Akalowski<\/strong><\/p>\n\n\n\n<div class=\"wp-block-image\"><figure class=\"aligncenter\"><img loading=\"lazy\" decoding=\"async\" width=\"329\" height=\"441\" src=\"https:\/\/tanzen-weilheim.de\/cms\/wp-content\/uploads\/2021\/07\/Igor_A.jpg\" alt=\"\" class=\"wp-image-16162\"\/><\/figure><\/div>\n\n\n\n<p>Absolvent der Technischen Universit\u00e4t M\u00fcnchen im Studiengang\nGesundheits-wissenschaften, Pflegewissenschaften und Sport.&nbsp;<br>\nDer Schwerpunkt der Bachelorarbeit hatte das Thema: Die Auspr\u00e4gung der\nKoordinationsf\u00e4higkeiten im Tanzsport.<\/p>\n\n\n\n<p>Igor ist ein Turniert\u00e4nzer der S Klasse und hat viel Erfahrung im Unterrichten\nder Gesellschaftskreise, Breitensportler und Turniert\u00e4nzer \u00fcber 10 T\u00e4nze.<\/p>\n\n\n\n<p>T\u00e4nzerische Erfolge:<\/p>\n\n\n\n<ul class=\"wp-block-list\"><li>Mehrfacher Vizemeister und Meister der s\u00e4chsischen Landesmeisterschaft in\nden Disziplinen Latein und Standard<\/li><li>Finalist der S\u00fcddeutschen Meisterschaft Kombination \u00fcber 10 T\u00e4nze&nbsp;<\/li><li>Semifinalist der Deutschen Meisterschaft Kombination \u00fcber 10 T\u00e4nze<\/li><li>Viertelfinalist der Nordeuropameisterschaft Latein<\/li><li>Mehrfacher Viertelfinalist und Semifinalist der WDSF Weltranglisten in\nLatein und der Kombination<\/li><li>2020 &#8211; Berufung in den Landeskader Baden-W\u00fcrttemberg<\/li><\/ul>\n","protected":false},"excerpt":{"rendered":"<p>Igor Akalowski Absolvent der Technischen Universit\u00e4t M\u00fcnchen im Studiengang Gesundheits-wissenschaften, Pflegewissenschaften und Sport.&nbsp; Der Schwerpunkt der Bachelorarbeit hatte das Thema: Die Auspr\u00e4gung der Koordinationsf\u00e4higkeiten im Tanzsport. Igor ist ein Turniert\u00e4nzer der S Klasse und hat viel Erfahrung im Unterrichten der Gesellschaftskreise, Breitensportler und Turniert\u00e4nzer \u00fcber 10 T\u00e4nze. T\u00e4nzerische Erfolge: Mehrfacher Vizemeister und Meister der s\u00e4chsischen [&hellip;]<\/p>\n","protected":false},"author":19,"featured_media":0,"parent":0,"menu_order":0,"comment_status":"closed","ping_status":"closed","template":"","meta":{"footnotes":""},"class_list":["post-16161","page","type-page","status-publish","hentry"],"jetpack_sharing_enabled":true,"_links":{"self":[{"href":"https:\/\/tanzen-weilheim.de\/cms\/wp-json\/wp\/v2\/pages\/16161","targetHints":{"allow":["GET"]}}],"collection":[{"href":"https:\/\/tanzen-weilheim.de\/cms\/wp-json\/wp\/v2\/pages"}],"about":[{"href":"https:\/\/tanzen-weilheim.de\/cms\/wp-json\/wp\/v2\/types\/page"}],"author":[{"embeddable":true,"href":"https:\/\/tanzen-weilheim.de\/cms\/wp-json\/wp\/v2\/users\/19"}],"replies":[{"embeddable":true,"href":"https:\/\/tanzen-weilheim.de\/cms\/wp-json\/wp\/v2\/comments?post=16161"}],"version-history":[{"count":1,"href":"https:\/\/tanzen-weilheim.de\/cms\/wp-json\/wp\/v2\/pages\/16161\/revisions"}],"predecessor-version":[{"id":16641,"href":"https:\/\/tanzen-weilheim.de\/cms\/wp-json\/wp\/v2\/pages\/16161\/revisions\/16641"}],"wp:attachment":[{"href":"https:\/\/tanzen-weilheim.de\/cms\/wp-json\/wp\/v2\/media?parent=16161"}],"curies":[{"name":"wp","href":"https:\/\/api.w.org\/{rel}","templated":true}]}}