{"id":16,"date":"2008-01-16T11:25:54","date_gmt":"2008-01-16T10:25:54","guid":{"rendered":"http:\/\/www.tanzen-weilheim.de\/cms\/?page_id=16"},"modified":"2026-04-24T11:11:11","modified_gmt":"2026-04-24T09:11:11","slug":"formation-weilheim","status":"publish","type":"page","link":"https:\/\/tanzen-weilheim.de\/cms\/uber-uns-main\/formation-weilheim","title":{"rendered":"Linedance"},"content":{"rendered":"\n<p><strong>Linedance,  Tanzen f\u00fcr alle, die keinen Partner brauchen<\/strong><\/p>\n\n\n\n<p>Egal welches Alter, beim Linedance sind alle willkommen.<\/p>\n\n\n\n<p>Besonders ideal f\u00fcr T\u00e4nzerinnen und T\u00e4nzer ohne festen Tanzpartner.<\/p>\n\n\n\n<p>In der Gruppe tanzen wir gemeinsam, jeder f\u00fcr sich, und erleben dabei die besondere Dynamik dieser Tanzform.<\/p>\n\n\n\n<p>Unsere Schrittfolgen sind leicht zu erlernen und damit perfekt f\u00fcr Einsteiger geeignet. Gleichzeitig bringen wir dir auch klassische T\u00e4nze in moderner Linedance-Form n\u00e4her.<\/p>\n\n\n\n<p><strong>Einfach ausprobieren, mitmachen und Spa\u00df an Bewegung und Musik haben<\/strong>.<br><br>Interesse, dann melde dich einfach per e-Mail bei <a href=\"mailto:linedance@tanzen-weilheim.de\">Linedance-Verantwortlichen<\/a><\/p>\n\n\n\n<p>Unser Linedance-Workshop-Angebot findest du <a href=\"https:\/\/tanzen-weilheim.de\/cms\/linedance-angebot\">hier<\/a><\/p>\n\n\n\n<p><\/p>\n\n\n\n<figure class=\"wp-block-image size-full\"><img loading=\"lazy\" decoding=\"async\" width=\"2560\" height=\"1918\" src=\"https:\/\/tanzen-weilheim.de\/cms\/wp-content\/uploads\/2026\/04\/LINEDANCE-scaled.jpg\" alt=\"\" class=\"wp-image-27109\" srcset=\"https:\/\/tanzen-weilheim.de\/cms\/wp-content\/uploads\/2026\/04\/LINEDANCE-scaled.jpg 2560w, https:\/\/tanzen-weilheim.de\/cms\/wp-content\/uploads\/2026\/04\/LINEDANCE-1920x1438.jpg 1920w, https:\/\/tanzen-weilheim.de\/cms\/wp-content\/uploads\/2026\/04\/LINEDANCE-960x719.jpg 960w, https:\/\/tanzen-weilheim.de\/cms\/wp-content\/uploads\/2026\/04\/LINEDANCE-768x575.jpg 768w, https:\/\/tanzen-weilheim.de\/cms\/wp-content\/uploads\/2026\/04\/LINEDANCE-1536x1151.jpg 1536w, https:\/\/tanzen-weilheim.de\/cms\/wp-content\/uploads\/2026\/04\/LINEDANCE-2048x1534.jpg 2048w, https:\/\/tanzen-weilheim.de\/cms\/wp-content\/uploads\/2026\/04\/LINEDANCE-400x300.jpg 400w\" sizes=\"auto, (max-width: 2560px) 100vw, 2560px\" \/><\/figure>\n","protected":false},"excerpt":{"rendered":"<p>Linedance, Tanzen f\u00fcr alle, die keinen Partner brauchen Egal welches Alter, beim Linedance sind alle willkommen. Besonders ideal f\u00fcr T\u00e4nzerinnen und T\u00e4nzer ohne festen Tanzpartner. In der Gruppe tanzen wir gemeinsam, jeder f\u00fcr sich, und erleben dabei die besondere Dynamik dieser Tanzform. Unsere Schrittfolgen sind leicht zu erlernen und damit perfekt f\u00fcr Einsteiger geeignet. Gleichzeitig [&hellip;]<\/p>\n","protected":false},"author":11,"featured_media":27109,"parent":5,"menu_order":4,"comment_status":"closed","ping_status":"closed","template":"","meta":{"footnotes":""},"class_list":["post-16","page","type-page","status-publish","has-post-thumbnail","hentry"],"jetpack_sharing_enabled":true,"_links":{"self":[{"href":"https:\/\/tanzen-weilheim.de\/cms\/wp-json\/wp\/v2\/pages\/16","targetHints":{"allow":["GET"]}}],"collection":[{"href":"https:\/\/tanzen-weilheim.de\/cms\/wp-json\/wp\/v2\/pages"}],"about":[{"href":"https:\/\/tanzen-weilheim.de\/cms\/wp-json\/wp\/v2\/types\/page"}],"author":[{"embeddable":true,"href":"https:\/\/tanzen-weilheim.de\/cms\/wp-json\/wp\/v2\/users\/11"}],"replies":[{"embeddable":true,"href":"https:\/\/tanzen-weilheim.de\/cms\/wp-json\/wp\/v2\/comments?post=16"}],"version-history":[{"count":72,"href":"https:\/\/tanzen-weilheim.de\/cms\/wp-json\/wp\/v2\/pages\/16\/revisions"}],"predecessor-version":[{"id":27268,"href":"https:\/\/tanzen-weilheim.de\/cms\/wp-json\/wp\/v2\/pages\/16\/revisions\/27268"}],"up":[{"embeddable":true,"href":"https:\/\/tanzen-weilheim.de\/cms\/wp-json\/wp\/v2\/pages\/5"}],"wp:featuredmedia":[{"embeddable":true,"href":"https:\/\/tanzen-weilheim.de\/cms\/wp-json\/wp\/v2\/media\/27109"}],"wp:attachment":[{"href":"https:\/\/tanzen-weilheim.de\/cms\/wp-json\/wp\/v2\/media?parent=16"}],"curies":[{"name":"wp","href":"https:\/\/api.w.org\/{rel}","templated":true}]}}