{"id":15100,"date":"2020-06-16T07:12:55","date_gmt":"2020-06-16T05:12:55","guid":{"rendered":"http:\/\/tanzen-weilheim.de\/cms\/?page_id=15100"},"modified":"2023-04-07T18:12:18","modified_gmt":"2023-04-07T16:12:18","slug":"down-loads","status":"publish","type":"page","link":"https:\/\/tanzen-weilheim.de\/cms\/mitglied-werden\/down-loads","title":{"rendered":"Downloads"},"content":{"rendered":"\n<div class=\"wp-block-file\"><a href=\"https:\/\/tanzen-weilheim.de\/cms\/wp-content\/uploads\/2022\/03\/2018_12_07_Mitgliedsantrag_Datenschutzerkl\u00e4rung.pdf\">F\u00f6rderverein f\u00fcr Tanzen im Raum Weilheim e.V._Mitgliedsantrag_Datenschutzerkl\u00e4rung<\/a><a href=\"https:\/\/tanzen-weilheim.de\/cms\/wp-content\/uploads\/2022\/03\/2018_12_07_Mitgliedsantrag_Datenschutzerkl\u00e4rung.pdf\" class=\"wp-block-file__button\" download>Herunterladen<\/a><\/div>\n\n\n\n<p><a href=\"https:\/\/www.tsv-weilheim.com\/vereinsschriften\/\">TSV Vereinsschriften<\/a> z.B. Sportreport \/ Jubil\u00e4umsausgaben<\/p>\n","protected":false},"excerpt":{"rendered":"<p>TSV Vereinsschriften z.B. Sportreport \/ Jubil\u00e4umsausgaben<\/p>\n","protected":false},"author":19,"featured_media":0,"parent":10,"menu_order":0,"comment_status":"closed","ping_status":"closed","template":"","meta":{"footnotes":""},"class_list":["post-15100","page","type-page","status-publish","hentry"],"jetpack_sharing_enabled":true,"_links":{"self":[{"href":"https:\/\/tanzen-weilheim.de\/cms\/wp-json\/wp\/v2\/pages\/15100","targetHints":{"allow":["GET"]}}],"collection":[{"href":"https:\/\/tanzen-weilheim.de\/cms\/wp-json\/wp\/v2\/pages"}],"about":[{"href":"https:\/\/tanzen-weilheim.de\/cms\/wp-json\/wp\/v2\/types\/page"}],"author":[{"embeddable":true,"href":"https:\/\/tanzen-weilheim.de\/cms\/wp-json\/wp\/v2\/users\/19"}],"replies":[{"embeddable":true,"href":"https:\/\/tanzen-weilheim.de\/cms\/wp-json\/wp\/v2\/comments?post=15100"}],"version-history":[{"count":20,"href":"https:\/\/tanzen-weilheim.de\/cms\/wp-json\/wp\/v2\/pages\/15100\/revisions"}],"predecessor-version":[{"id":19474,"href":"https:\/\/tanzen-weilheim.de\/cms\/wp-json\/wp\/v2\/pages\/15100\/revisions\/19474"}],"up":[{"embeddable":true,"href":"https:\/\/tanzen-weilheim.de\/cms\/wp-json\/wp\/v2\/pages\/10"}],"wp:attachment":[{"href":"https:\/\/tanzen-weilheim.de\/cms\/wp-json\/wp\/v2\/media?parent=15100"}],"curies":[{"name":"wp","href":"https:\/\/api.w.org\/{rel}","templated":true}]}}