{"id":14554,"date":"2020-01-18T15:47:43","date_gmt":"2020-01-18T14:47:43","guid":{"rendered":"http:\/\/tanzen-weilheim.de\/cms\/?page_id=14554"},"modified":"2026-04-07T17:51:49","modified_gmt":"2026-04-07T15:51:49","slug":"chronik-neu","status":"publish","type":"page","link":"https:\/\/tanzen-weilheim.de\/cms\/uber-uns-main\/chronik-neu","title":{"rendered":"Chronik"},"content":{"rendered":"\n<p class=\"has-text-align-center has-medium-font-size\"><strong>Tanzsportabteilung<\/strong><br><strong> im <\/strong><br><strong>TSV 1847 Weilheim e.V.<\/strong><\/p>\n\n\n<div class=\"wp-block-image\">\n<figure class=\"aligncenter size-full is-resized\"><img loading=\"lazy\" decoding=\"async\" width=\"1259\" height=\"1259\" src=\"https:\/\/tanzen-weilheim.de\/cms\/wp-content\/uploads\/2023\/12\/logo-small-with-background-1.png\" alt=\"\" class=\"wp-image-21165\" style=\"aspect-ratio:1;width:206px;height:auto\" srcset=\"https:\/\/tanzen-weilheim.de\/cms\/wp-content\/uploads\/2023\/12\/logo-small-with-background-1.png 1259w, https:\/\/tanzen-weilheim.de\/cms\/wp-content\/uploads\/2023\/12\/logo-small-with-background-1-960x960.png 960w, https:\/\/tanzen-weilheim.de\/cms\/wp-content\/uploads\/2023\/12\/logo-small-with-background-1-768x768.png 768w, https:\/\/tanzen-weilheim.de\/cms\/wp-content\/uploads\/2023\/12\/logo-small-with-background-1-200x200.png 200w, https:\/\/tanzen-weilheim.de\/cms\/wp-content\/uploads\/2023\/12\/logo-small-with-background-1-400x400.png 400w\" sizes=\"auto, (max-width: 1259px) 100vw, 1259px\" \/><\/figure><\/div>\n\n\n<p>Am 08.03.1982 wurde die Tanzsportabteilung als 15. Abteilung des TSV 1847 Weilheim e.V. gegr\u00fcndet.<\/p>\n\n\n\n<div class=\"wp-block-file\"><a id=\"wp-block-file--media-8d85e99e-321c-4f21-915d-582005b24344\" href=\"https:\/\/tanzen-weilheim.de\/cms\/wp-content\/uploads\/2021\/04\/TSA-im-TSV-1847-Weilheim-eV_Geschichte.pdf\">TSA im TSV 1847 Weilheim eV_Geschichte 1982 &#8211; 2020<\/a><a href=\"https:\/\/tanzen-weilheim.de\/cms\/wp-content\/uploads\/2021\/04\/TSA-im-TSV-1847-Weilheim-eV_Geschichte.pdf\" class=\"wp-block-file__button wp-element-button\" download aria-describedby=\"wp-block-file--media-8d85e99e-321c-4f21-915d-582005b24344\">Herunterladen<\/a><\/div>\n\n\n\n<div class=\"wp-block-file\"><a id=\"wp-block-file--media-c970bbf3-b8da-4a92-a2d2-b5a22c2d5010\" href=\"https:\/\/tanzen-weilheim.de\/cms\/wp-content\/uploads\/2024\/01\/Tanzsportjahr-der-TSA_2021_2022_2023.pdf\">Tanzsportjahre der TSA_2021_2022_2023<\/a><a href=\"https:\/\/tanzen-weilheim.de\/cms\/wp-content\/uploads\/2024\/01\/Tanzsportjahr-der-TSA_2021_2022_2023.pdf\" class=\"wp-block-file__button wp-element-button\" download aria-describedby=\"wp-block-file--media-c970bbf3-b8da-4a92-a2d2-b5a22c2d5010\">Herunterladen<\/a><\/div>\n\n\n\n<div class=\"wp-block-file\"><a id=\"wp-block-file--media-3f2c353c-5665-468b-b3c2-9293aa6ece1d\" href=\"https:\/\/tanzen-weilheim.de\/cms\/wp-content\/uploads\/2025\/12\/TSA_Chronik_2024_2025.pdf\">Tanzsportjahre der TSA_2024_2025<\/a><a href=\"https:\/\/tanzen-weilheim.de\/cms\/wp-content\/uploads\/2025\/12\/TSA_Chronik_2024_2025.pdf\" class=\"wp-block-file__button wp-element-button\" download aria-describedby=\"wp-block-file--media-3f2c353c-5665-468b-b3c2-9293aa6ece1d\">Herunterladen<\/a><\/div>\n\n\n\n<p><strong>das Tanzsportjahr 2026 der Tanzsportabteilung im TSV 1847 Weilheim<\/strong><br>Ab 1.1.26 \u00fcbernimmt die Abteilungsleiterin kommissarisch das Amt der Jugendleiterin Johanna Fischer.<br>Der j\u00e4hrliche Tanzabend mit integriertem Abschlussabend des Tanzkurses fand am 17.01.2026 im Pfarrsaal Theatergasse statt. Am 1.2.2026 startet mit dem 1. Workshop das Linedance-Projekt unter der Leitung von Martin Korak. Auf der Mitgliederversammlung am 6.3.2026 wurde Marina Bauer als neue Jugendleiterin gew\u00e4hlt. Das ebenfalls offene Ehrenamt des Kassenwartes konnte auf der Mitgliederversammlung nicht besetzt werden. Es wurde eine 20%ige Beitragserh\u00f6hung und der Wegfall der Beitragsgruppe \u00dc60 zum 1.1.2027 beschlossen (gestiegene Saalfee und Trainerkosten). Des Weiteren wurde beschlossen, dass der Chip (Nutzung freies Training) 20 Euro\/Jahr kostet. Dieser Chip kann ab 1.1.2026 von jedem am freien Training interessierten aktiven (> 18 Jahre alt) Mitglied erworben werden. Ausserdem werden die Kosten f\u00fcr die DTV-Startmarken nur noch zu 50% von der Abteilung \u00fcbernommen (r\u00fcckwirkend zum 1.1.2026).<br>Nach nochmaligen Aufrufen durch die Abteilungsleitung und starken Ver\u00e4nderung (Arbeitserleichterungen)  der Aufgabenstellung des Kassenwartes (Einzug der Mitgliederbeitr\u00e4ge erfolgt ab 2026 nun 1\/4 j\u00e4hrlich \u00fcber die TSV-Gesch\u00e4ftstelle; Einsatz einer neuen Software f\u00fcr die Mitgliederverwaltung und Kontieren seitens des Hauptvereins) stellte sich Andreas Hieronymus am 20.03.2026 f\u00fcr das Ehrenamt Kassenwart zur Verf\u00fcgung. <\/p>\n\n\n\n<p>weitere Chronik-Unterlagen gibt es <a href=\"https:\/\/tanzen-weilheim.de\/cms\/unterlagen-tsa-chronik\">hier <\/a>(passwortgesch\u00fctzt)<\/p>\n\n\n\n<div class=\"wp-block-file\"><a id=\"wp-block-file--media-60cff0ff-198b-4d29-a43c-5622d2017e3a\" href=\"https:\/\/tanzen-weilheim.de\/cms\/wp-content\/uploads\/2024\/10\/Pfaffenwinkelpokal-Sieger_ab-2015.pdf\">Pfaffenwinkelpokal-Sieger_ab 2015<\/a><a href=\"https:\/\/tanzen-weilheim.de\/cms\/wp-content\/uploads\/2024\/10\/Pfaffenwinkelpokal-Sieger_ab-2015.pdf\" class=\"wp-block-file__button wp-element-button\" download aria-describedby=\"wp-block-file--media-60cff0ff-198b-4d29-a43c-5622d2017e3a\">Herunterladen<\/a><\/div>\n\n\n\n<p><a href=\"https:\/\/www.tsv-weilheim.com\/2019\/07\/tsv-sport-report-2\/\">TSV-Sportreport ab 2012 <\/a><\/p>\n\n\n\n<p><a href=\"https:\/\/www.tsv-weilheim.com\/2017\/02\/tsv-jubilaeum\/\">TSV-Jubil\u00e4umsschriften 150\/170 und 175 Jahre<\/a><\/p>\n\n\n\n<p>Zwei Turnierveranstaltungen<strong> <\/strong>pro Jahr geh\u00f6ren zum festen Repertoire der TSA, meistens findet eine Landesmeisterschaft mit Ballveranstaltung und die Pfaffenwinkel-Pokal-Turniere in der Stadthalle statt. <br><br>In den letzten Jahren wurden neben den Veranstaltungen in der Stadthalle auch viele gesellschaftliche Veranstaltungen zum festen Bestandteil des Tanzsportkalenders. <br><br>Tanzabende mit &#8222;Schwof-Charakter&#8220;, bei denen einige Male im Jahr getanzt und geratscht werden kann,<strong> <\/strong><a href=\"https:\/\/tanzen-weilheim.de\/cms\/termine-main\/zusatzangebot\"><strong>Freizeitworkshops<\/strong><\/a> (Tango Argentino, Salsa, Discofox, Wiener Walzer, Slowfox) geh\u00f6ren zum Jahresprogramm.<br>Das j\u00e4hrliche Sommerfest und die Jahresabschlussfeier d\u00fcrfen nicht fehlen und sind jedes Jahr ein sch\u00f6nes Veranstaltungshighlight.<br><br><strong>Unsere <a href=\"https:\/\/tanzen-weilheim.de\/cms\/?page_id=8770\">Einsteiger- und Fortgeschrittenenkurse<\/a> sind perfekt f\u00fcr alle Tanz-Neulinge:<\/strong><br>An 10 abwechslungsreichen Abenden vermitteln wir mit viel Spa\u00df und guter Musik die Grundz\u00fcge dieser faszinierenden Sportart. Wer danach Lust auf mehr bekommt, ist herzlich eingeladen, Teil unserer Tanzsportabteilung zu werden, wir freuen uns auf neue T\u00e4nzerinnen und T\u00e4nzer. <\/p>\n\n\n\n<p>\n\nHier\nder Link zu den aktuellen <strong><a href=\"https:\/\/tanzen-weilheim.de\/cms\/?page_id=9795\">Turnierpaare<\/a>,&nbsp;<a href=\"https:\/\/tanzen-weilheim.de\/cms\/?page_id=8911\">Breitensportpaare<\/a><\/strong>&nbsp;und der <strong><a href=\"https:\/\/tanzen-weilheim.de\/cms\/?page_id=16\">Formation&nbsp;<\/a><\/strong>der TSA im TSV 1847 Weilheim e.V.<br><br><\/p>\n\n\n\n<figure class=\"wp-block-gallery aligncenter has-nested-images columns-default is-cropped wp-block-gallery-1 is-layout-flex wp-block-gallery-is-layout-flex\">\n<figure class=\"wp-block-image\"><img loading=\"lazy\" decoding=\"async\" width=\"1000\" height=\"1000\" data-id=\"15288\" src=\"https:\/\/tanzen-weilheim.de\/cms\/wp-content\/uploads\/2020\/10\/TZN_FNL_white.png\" alt=\"\" class=\"wp-image-15288\" srcset=\"https:\/\/tanzen-weilheim.de\/cms\/wp-content\/uploads\/2020\/10\/TZN_FNL_white.png 1000w, https:\/\/tanzen-weilheim.de\/cms\/wp-content\/uploads\/2020\/10\/TZN_FNL_white-960x960.png 960w, https:\/\/tanzen-weilheim.de\/cms\/wp-content\/uploads\/2020\/10\/TZN_FNL_white-768x768.png 768w, https:\/\/tanzen-weilheim.de\/cms\/wp-content\/uploads\/2020\/10\/TZN_FNL_white-200x200.png 200w, https:\/\/tanzen-weilheim.de\/cms\/wp-content\/uploads\/2020\/10\/TZN_FNL_white-400x400.png 400w\" sizes=\"auto, (max-width: 1000px) 100vw, 1000px\" \/><figcaption class=\"wp-element-caption\">TSA im TSV 1847 Weilheim e.V.<\/figcaption><\/figure>\n\n\n\n<figure class=\"wp-block-image\"><img loading=\"lazy\" decoding=\"async\" width=\"792\" height=\"831\" data-id=\"15302\" src=\"https:\/\/tanzen-weilheim.de\/cms\/wp-content\/uploads\/2020\/10\/TSV-Weilheim-Logo-Vektor-1-1.jpg\" alt=\"\" class=\"wp-image-15302\" srcset=\"https:\/\/tanzen-weilheim.de\/cms\/wp-content\/uploads\/2020\/10\/TSV-Weilheim-Logo-Vektor-1-1.jpg 792w, https:\/\/tanzen-weilheim.de\/cms\/wp-content\/uploads\/2020\/10\/TSV-Weilheim-Logo-Vektor-1-1-768x806.jpg 768w, https:\/\/tanzen-weilheim.de\/cms\/wp-content\/uploads\/2020\/10\/TSV-Weilheim-Logo-Vektor-1-1-400x420.jpg 400w\" sizes=\"auto, (max-width: 792px) 100vw, 792px\" \/><figcaption class=\"wp-element-caption\">TSV Weilheim e.V.<\/figcaption><\/figure>\n<\/figure>\n\n\n\n<p><\/p>\n","protected":false},"excerpt":{"rendered":"<p>Tanzsportabteilung im TSV 1847 Weilheim e.V. Am 08.03.1982 wurde die Tanzsportabteilung als 15. Abteilung des TSV 1847 Weilheim e.V. gegr\u00fcndet. das Tanzsportjahr 2026 der Tanzsportabteilung im TSV 1847 WeilheimAb 1.1.26 \u00fcbernimmt die Abteilungsleiterin kommissarisch das Amt der Jugendleiterin Johanna Fischer.Der j\u00e4hrliche Tanzabend mit integriertem Abschlussabend des Tanzkurses fand am 17.01.2026 im Pfarrsaal Theatergasse statt. Am [&hellip;]<\/p>\n","protected":false},"author":19,"featured_media":0,"parent":5,"menu_order":7,"comment_status":"closed","ping_status":"closed","template":"","meta":{"footnotes":""},"class_list":["post-14554","page","type-page","status-publish","hentry"],"jetpack_sharing_enabled":true,"_links":{"self":[{"href":"https:\/\/tanzen-weilheim.de\/cms\/wp-json\/wp\/v2\/pages\/14554","targetHints":{"allow":["GET"]}}],"collection":[{"href":"https:\/\/tanzen-weilheim.de\/cms\/wp-json\/wp\/v2\/pages"}],"about":[{"href":"https:\/\/tanzen-weilheim.de\/cms\/wp-json\/wp\/v2\/types\/page"}],"author":[{"embeddable":true,"href":"https:\/\/tanzen-weilheim.de\/cms\/wp-json\/wp\/v2\/users\/19"}],"replies":[{"embeddable":true,"href":"https:\/\/tanzen-weilheim.de\/cms\/wp-json\/wp\/v2\/comments?post=14554"}],"version-history":[{"count":128,"href":"https:\/\/tanzen-weilheim.de\/cms\/wp-json\/wp\/v2\/pages\/14554\/revisions"}],"predecessor-version":[{"id":27103,"href":"https:\/\/tanzen-weilheim.de\/cms\/wp-json\/wp\/v2\/pages\/14554\/revisions\/27103"}],"up":[{"embeddable":true,"href":"https:\/\/tanzen-weilheim.de\/cms\/wp-json\/wp\/v2\/pages\/5"}],"wp:attachment":[{"href":"https:\/\/tanzen-weilheim.de\/cms\/wp-json\/wp\/v2\/media?parent=14554"}],"curies":[{"name":"wp","href":"https:\/\/api.w.org\/{rel}","templated":true}]}}