{"id":13261,"date":"2019-05-29T12:08:11","date_gmt":"2019-05-29T10:08:11","guid":{"rendered":"http:\/\/tanzen-weilheim.de\/cms\/?page_id=13261"},"modified":"2025-12-30T17:28:59","modified_gmt":"2025-12-30T16:28:59","slug":"tanzpartnerboerse","status":"publish","type":"page","link":"https:\/\/tanzen-weilheim.de\/cms\/tanzpartnerboerse","title":{"rendered":"Tanzpartnerb\u00f6rse"},"content":{"rendered":"\n<p class=\"has-small-font-size\">Sie suchen einen Tanzpartner? Dann sind Sie hier genau richtig!<br>Egal, ob Standard\/Latein, Salsa oder Discofox &#8211; Wir helfen Ihnen gerne bei der Suche und nehmen Sie in unsere Tanzpartnerb\u00f6rse auf.<\/p>\n\n\n\n<p>F\u00fcr Kontakt bitte hier klicken <br><strong><a href=\"mailto:stellv-abteilungsleiter@tanzen-weilheim.de\">Tanzpartnerb\u00f6rse<\/a><\/strong> <\/p>\n\n\n\n<p class=\"has-small-font-size\">Bitte verfassen Sie Ihren Text genauso, wie Ihre Anzeige in der Tanzspartnerb\u00f6rse erscheinen soll.<br>Der Inhalt wird eins zu eins \u00fcbernommen, d.h. Sie stimmen mit Ihren Angaben automatisch<br>der Ver\u00f6ffentlichung Ihrer pers\u00f6nlichen Daten auf unserer Homepage <br>www.tanzen-weilheim.de zu.<br>Der Ver\u00f6ffentlichung Ihrer Daten k\u00f6nnen Sie jederzeit widersprechen, dazu gen\u00fcgt eine kurze e-Mail an  <br><strong><a href=\"mailto:stellv-abteilungsleiter@tanzen-weilheim.de\">stellv-abteilungsleiter@tanzen-weilheim.de<\/a><\/strong>  <\/p>\n\n\n\n<p class=\"has-small-font-size\"><strong>Wichtig!<\/strong>&nbsp;Ihr Gesuch sollte folgenden Informationen enthalten:<br>e-Mail-Adresse, Name, K\u00f6rpergr\u00f6\u00dfe, Alter, Tanzlevel, Sucher Herr\/Dame, Freitext<\/p>\n\n\n\n<p class=\"has-small-font-size\">Bitte nicht vergessen: Teilen sie uns mit, wenn Sie \u00c4nderungen Ihres Eintrages w\u00fcnschen, Sie einen Tanzpartner gefunden haben oder Sie nicht mehr in unserer Tanzpartnerb\u00f6rse erscheinen wollen. <br>H\u00f6ren wir nichts von Ihnen, l\u00f6schen wir den Eintrag automatisch nach 1 Jahr. Vielen Dank!<\/p>\n\n\n\n<p class=\"has-white-background-color has-background\"><strong>Aktuelle Tanzpartnersuchen<\/strong><\/p>\n\n\n\n<p class=\"has-white-background-color has-background\"><strong>Karin<\/strong><br>Hallo, ich bin 167 gro\u00df, 46 Jahre alt und tanze seit vielen Jahren mit Unterbrechungen. Turnierm\u00e4\u00dfig habe ich Standard und Latein auf C-Niveau getanzt. Zuletzt habe ich ein Jahr lang Standard mit einem Masters III S-Klasse Herren trainiert. Ich w\u00fcrde gerne wieder regelm\u00e4\u00dfig trainieren. Am liebsten Standard, aber auch gerne wieder Latein. <br>EMail-Adresse: <a rel=\"noreferrer noopener\" href=\"mailto:k.schoberth@gmx.de\" target=\"_blank\">k.schoberth@gmx.de<\/a><\/p>\n\n\n\n<div class=\"wp-block-group\"><div class=\"wp-block-group__inner-container is-layout-constrained wp-block-group-is-layout-constrained\">\n<div class=\"wp-block-group has-pale-pink-background-color has-background\"><div class=\"wp-block-group__inner-container is-layout-constrained wp-block-group-is-layout-constrained\">\n<p class=\"has-white-background-color has-background\">        <strong>Magdalena<\/strong><br>        suche Tanzpartner f\u00fcr Standard- und Latein-T\u00e4nze   (Level: Freizeitsport)<br>        Email-Adresse: <a rel=\"noreferrer noopener\" href=\"mailto:Mali_2909@t-online.de\" target=\"_blank\">Mali_2909@t-online.de<\/a><br>        K\u00f6rpergr\u00f6\u00dfe: 170 cm<br>        Alter: 62 Jahre<\/p>\n<\/div><\/div>\n<\/div><\/div>\n","protected":false},"excerpt":{"rendered":"<p>Sie suchen einen Tanzpartner? Dann sind Sie hier genau richtig!Egal, ob Standard\/Latein, Salsa oder Discofox &#8211; Wir helfen Ihnen gerne bei der Suche und nehmen Sie in unsere Tanzpartnerb\u00f6rse auf. F\u00fcr Kontakt bitte hier klicken Tanzpartnerb\u00f6rse Bitte verfassen Sie Ihren Text genauso, wie Ihre Anzeige in der Tanzspartnerb\u00f6rse erscheinen soll.Der Inhalt wird eins zu eins [&hellip;]<\/p>\n","protected":false},"author":19,"featured_media":0,"parent":0,"menu_order":0,"comment_status":"closed","ping_status":"closed","template":"","meta":{"footnotes":""},"class_list":["post-13261","page","type-page","status-publish","hentry"],"jetpack_sharing_enabled":true,"_links":{"self":[{"href":"https:\/\/tanzen-weilheim.de\/cms\/wp-json\/wp\/v2\/pages\/13261","targetHints":{"allow":["GET"]}}],"collection":[{"href":"https:\/\/tanzen-weilheim.de\/cms\/wp-json\/wp\/v2\/pages"}],"about":[{"href":"https:\/\/tanzen-weilheim.de\/cms\/wp-json\/wp\/v2\/types\/page"}],"author":[{"embeddable":true,"href":"https:\/\/tanzen-weilheim.de\/cms\/wp-json\/wp\/v2\/users\/19"}],"replies":[{"embeddable":true,"href":"https:\/\/tanzen-weilheim.de\/cms\/wp-json\/wp\/v2\/comments?post=13261"}],"version-history":[{"count":23,"href":"https:\/\/tanzen-weilheim.de\/cms\/wp-json\/wp\/v2\/pages\/13261\/revisions"}],"predecessor-version":[{"id":26376,"href":"https:\/\/tanzen-weilheim.de\/cms\/wp-json\/wp\/v2\/pages\/13261\/revisions\/26376"}],"wp:attachment":[{"href":"https:\/\/tanzen-weilheim.de\/cms\/wp-json\/wp\/v2\/media?parent=13261"}],"curies":[{"name":"wp","href":"https:\/\/api.w.org\/{rel}","templated":true}]}}