{"id":13130,"date":"2019-05-09T20:59:06","date_gmt":"2019-05-09T18:59:06","guid":{"rendered":"http:\/\/tanzen-weilheim.de\/cms\/?page_id=13130"},"modified":"2019-05-09T20:59:28","modified_gmt":"2019-05-09T18:59:28","slug":"julia-woerle","status":"publish","type":"page","link":"https:\/\/tanzen-weilheim.de\/cms\/julia-woerle","title":{"rendered":"Julia W\u00f6rle"},"content":{"rendered":"\n<figure class=\"wp-block-image is-resized\"><img loading=\"lazy\" decoding=\"async\" src=\"https:\/\/tanzen-weilheim.de\/cms\/wp-content\/uploads\/2019\/05\/Jussel-Julia.jpg\" alt=\"\" class=\"wp-image-13131\" width=\"221\" height=\"427\" srcset=\"https:\/\/tanzen-weilheim.de\/cms\/wp-content\/uploads\/2019\/05\/Jussel-Julia.jpg 1317w, https:\/\/tanzen-weilheim.de\/cms\/wp-content\/uploads\/2019\/05\/Jussel-Julia-496x960.jpg 496w, https:\/\/tanzen-weilheim.de\/cms\/wp-content\/uploads\/2019\/05\/Jussel-Julia-993x1920.jpg 993w, https:\/\/tanzen-weilheim.de\/cms\/wp-content\/uploads\/2019\/05\/Jussel-Julia-768x1485.jpg 768w, https:\/\/tanzen-weilheim.de\/cms\/wp-content\/uploads\/2019\/05\/Jussel-Julia-310x600.jpg 310w\" sizes=\"auto, (max-width: 221px) 100vw, 221px\" \/><\/figure>\n\n\n\n<p>Trainer Leistungssport B Latein<br>\n1996 Start mit dem Turniersport im\nJunioren-Bereich<br>\n2009 Latein in der S-Klasse<br>\n2009-2012 Final-Teilnehmer der Bayerischen\nS-Meisterschaft der Hauptgruppe und Mitglied im Bayerischen Landeskader<br>\n2011\/2012 Platz 11 der Deutschen Rangliste<br>\n2009-2014 Final- und Semi-Final-Teilnahme auf\nmehreren internationalen Turnieren f\u00fcr Deutschland<br>\n2015 3. der Holl\u00e4ndischen Meisterschaft f\u00fcr\nHolland<\/p>\n","protected":false},"excerpt":{"rendered":"<p>Trainer Leistungssport B Latein 1996 Start mit dem Turniersport im Junioren-Bereich 2009 Latein in der S-Klasse 2009-2012 Final-Teilnehmer der Bayerischen S-Meisterschaft der Hauptgruppe und Mitglied im Bayerischen Landeskader 2011\/2012 Platz 11 der Deutschen Rangliste 2009-2014 Final- und Semi-Final-Teilnahme auf mehreren internationalen Turnieren f\u00fcr Deutschland 2015 3. der Holl\u00e4ndischen Meisterschaft f\u00fcr Holland<\/p>\n","protected":false},"author":19,"featured_media":0,"parent":0,"menu_order":0,"comment_status":"closed","ping_status":"closed","template":"","meta":{"footnotes":""},"class_list":["post-13130","page","type-page","status-publish","hentry"],"jetpack_sharing_enabled":true,"_links":{"self":[{"href":"https:\/\/tanzen-weilheim.de\/cms\/wp-json\/wp\/v2\/pages\/13130","targetHints":{"allow":["GET"]}}],"collection":[{"href":"https:\/\/tanzen-weilheim.de\/cms\/wp-json\/wp\/v2\/pages"}],"about":[{"href":"https:\/\/tanzen-weilheim.de\/cms\/wp-json\/wp\/v2\/types\/page"}],"author":[{"embeddable":true,"href":"https:\/\/tanzen-weilheim.de\/cms\/wp-json\/wp\/v2\/users\/19"}],"replies":[{"embeddable":true,"href":"https:\/\/tanzen-weilheim.de\/cms\/wp-json\/wp\/v2\/comments?post=13130"}],"version-history":[{"count":2,"href":"https:\/\/tanzen-weilheim.de\/cms\/wp-json\/wp\/v2\/pages\/13130\/revisions"}],"predecessor-version":[{"id":13133,"href":"https:\/\/tanzen-weilheim.de\/cms\/wp-json\/wp\/v2\/pages\/13130\/revisions\/13133"}],"wp:attachment":[{"href":"https:\/\/tanzen-weilheim.de\/cms\/wp-json\/wp\/v2\/media?parent=13130"}],"curies":[{"name":"wp","href":"https:\/\/api.w.org\/{rel}","templated":true}]}}