{"id":13115,"date":"2019-05-09T20:24:23","date_gmt":"2019-05-09T18:24:23","guid":{"rendered":"http:\/\/tanzen-weilheim.de\/cms\/?page_id=13115"},"modified":"2020-02-04T14:18:06","modified_gmt":"2020-02-04T13:18:06","slug":"peter-schramm","status":"publish","type":"page","link":"https:\/\/tanzen-weilheim.de\/cms\/peter-schramm","title":{"rendered":"Peter Schramm"},"content":{"rendered":"\n<figure class=\"wp-block-image is-resized\"><img loading=\"lazy\" decoding=\"async\" src=\"https:\/\/tanzen-weilheim.de\/cms\/wp-content\/uploads\/2019\/05\/Peter_Schramm.jpg\" alt=\"\" class=\"wp-image-13116\" width=\"181\" height=\"273\" srcset=\"https:\/\/tanzen-weilheim.de\/cms\/wp-content\/uploads\/2019\/05\/Peter_Schramm.jpg 594w, https:\/\/tanzen-weilheim.de\/cms\/wp-content\/uploads\/2019\/05\/Peter_Schramm-396x600.jpg 396w\" sizes=\"auto, (max-width: 181px) 100vw, 181px\" \/><figcaption>Peter<\/figcaption><\/figure>\n\n\n\n<p><br>Mit&nbsp;<strong>Peter Schramm<\/strong>&nbsp;ist es uns gelungen, einen weit \u00fcber Bayerns Grenzen hinaus bekannten, sehr erfolgreichen Trainer, seit 1994 Trainer A f\u00fcr Standard und Latein, f\u00fcr die Standardturniert\u00e4nzer zu gewinnen. <\/p>\n\n\n\n<p>Zudem besitzt Peter mit einer Wertungsrichter-S-Lizenz die\nh\u00f6chste Wertungsrichter Lizenz im DTV, die ihn berechtigt Turniere bis in die\nh\u00f6chsten Klassen, Meisterschaften und Ranglistenturniere zu werten. Auch wurde\ner 1999 vom LTVB zum Ausbildungstrainer berufen. Neben seinen laufenden\nFortbildungen kann Peter auch auf einen reichen Erfahrungsschatz aus seiner\neigenen, aktiven Zeit zur\u00fcckgreifen. So hat er sich bei den Amateuren in die\nh\u00f6chste Klasse sowohl in Standard und Latein als auch in 10 T\u00e4nzen getanzt und\ndort zahlreiche Erfolge feiern k\u00f6nnen.<\/p>\n\n\n\n<p>Unter anderem war Peter mehrfacher Bayerischer Meister, zweimal\ngewann er den Europa Cup und die Dutch Open und auch in Blackpool konnte er die\nRunde der besten 24 erreichen.<\/p>\n\n\n\n<p>Nach seinem Wechsel zu den Professionals, bei denen er zuerst f\u00fcr\nDeutschland, sp\u00e4ter f\u00fcr Frankreich in allen drei Kategorien an den Start ging,\nwurde er franz\u00f6sischer Meister, erreichte das Semifinale bei den World Masters\nund French Open und konnte sich auch hier sowohl in Blackpool als auch in der\nEuropameisterschaft unter die besten 24 tanzen.<\/p>\n","protected":false},"excerpt":{"rendered":"<p>Mit&nbsp;Peter Schramm&nbsp;ist es uns gelungen, einen weit \u00fcber Bayerns Grenzen hinaus bekannten, sehr erfolgreichen Trainer, seit 1994 Trainer A f\u00fcr Standard und Latein, f\u00fcr die Standardturniert\u00e4nzer zu gewinnen. Zudem besitzt Peter mit einer Wertungsrichter-S-Lizenz die h\u00f6chste Wertungsrichter Lizenz im DTV, die ihn berechtigt Turniere bis in die h\u00f6chsten Klassen, Meisterschaften und Ranglistenturniere zu werten. Auch [&hellip;]<\/p>\n","protected":false},"author":19,"featured_media":0,"parent":0,"menu_order":0,"comment_status":"closed","ping_status":"closed","template":"","meta":{"footnotes":""},"class_list":["post-13115","page","type-page","status-publish","hentry"],"jetpack_sharing_enabled":true,"_links":{"self":[{"href":"https:\/\/tanzen-weilheim.de\/cms\/wp-json\/wp\/v2\/pages\/13115","targetHints":{"allow":["GET"]}}],"collection":[{"href":"https:\/\/tanzen-weilheim.de\/cms\/wp-json\/wp\/v2\/pages"}],"about":[{"href":"https:\/\/tanzen-weilheim.de\/cms\/wp-json\/wp\/v2\/types\/page"}],"author":[{"embeddable":true,"href":"https:\/\/tanzen-weilheim.de\/cms\/wp-json\/wp\/v2\/users\/19"}],"replies":[{"embeddable":true,"href":"https:\/\/tanzen-weilheim.de\/cms\/wp-json\/wp\/v2\/comments?post=13115"}],"version-history":[{"count":2,"href":"https:\/\/tanzen-weilheim.de\/cms\/wp-json\/wp\/v2\/pages\/13115\/revisions"}],"predecessor-version":[{"id":14839,"href":"https:\/\/tanzen-weilheim.de\/cms\/wp-json\/wp\/v2\/pages\/13115\/revisions\/14839"}],"wp:attachment":[{"href":"https:\/\/tanzen-weilheim.de\/cms\/wp-json\/wp\/v2\/media?parent=13115"}],"curies":[{"name":"wp","href":"https:\/\/api.w.org\/{rel}","templated":true}]}}