{"id":11767,"date":"2018-12-12T10:45:29","date_gmt":"2018-12-12T09:45:29","guid":{"rendered":"http:\/\/tanzen-weilheim.de\/cms\/?page_id=11767"},"modified":"2026-01-02T19:58:49","modified_gmt":"2026-01-02T18:58:49","slug":"jugend","status":"publish","type":"page","link":"https:\/\/tanzen-weilheim.de\/cms\/jugend","title":{"rendered":"Jugend"},"content":{"rendered":"\n<p>T<strong>anzen lernen, Spa\u00df haben, weiterkommen<\/strong><\/p>\n\n\n\n<p>Du hast Lust auf Paartanzen und gute Musik  mit Gleichaltrigen? Dann bist du bei uns genau richtig.<\/p>\n\n\n\n<p>Unsere Jugendkurse sind in zwei Gruppen aufgeteilt \u2013 je nachdem, wie viel Tanzerfahrung du schon mitbringst:<\/p>\n\n\n\n<p><strong>Jugendgruppe I<\/strong>&nbsp;ist perfekt f\u00fcr alle Einsteigerinnen oder Absolventinnen von Schultanzkursen.<\/p>\n\n\n\n<p><strong>Jugendgruppe II<\/strong>&nbsp;richtet sich an Fortgeschrittene, hier kann man sich auf den Weg zum Turniersport tanzen <\/p>\n\n\n\n<p>In unseren Gruppenstunden lernst du alles, was du brauchst:<br>Ob Grundschritte oder spannende Figurenfolgen, wir bringen dir alles bei, was dich auf dem Parkett gl\u00e4nzen l\u00e4sst. Dabei achten wir auch auf Technik, Haltung und das richtige Gef\u00fchl f\u00fcr Musik.<\/p>\n\n\n\n<p>Und das Wichtigste: Der Spa\u00df kommt garantiert nicht zu kurz<\/p>\n\n\n\n<p>Du wirst neue Leute kennenlernen, gemeinsam tanzen und dich dabei ganz nebenbei fit und selbstbewusst f\u00fchlen.<\/p>\n\n\n\n<p><strong>Lust auf mehr?<\/strong><br>Wenn du dranbleibst, kannst du das&nbsp;<strong>Deutsche Tanzsportabzeichen (DTSA)<\/strong>&nbsp;in Bronze oder Silber in Standard und Latein ablegen oder sogar in unsere Leistungsgruppe wechseln<\/p>\n\n\n\n<hr class=\"wp-block-separator has-alpha-channel-opacity\"\/>\n\n\n\n<p><strong>Wann?<\/strong><br>Jeden&nbsp;<strong>Mittwoch, 17:00 \u2013 18:30 Uhr<\/strong> &#8211; schau in unseren <a href=\"https:\/\/tanzen-weilheim.de\/cms\/calendar\/kalender\">Kalender<\/a><\/p>\n\n\n\n<p><a href=\"https:\/\/goo.gl\/maps\/1Ur3qbp1PrFaeTwo6\"><strong>Spiegelsaal im TSV-Sportzentrum<\/strong>, Pollingerstra\u00dfe 9, 82362 Weilheim<\/a><br>Bitte Wechselschuhe mitbringen<\/p>\n\n\n\n<p><strong>F\u00fcr wen?<\/strong><br>Jugendliche von&nbsp;<strong>11 bis 21 Jahren<\/strong><\/p>\n\n\n\n<p><strong>Deine Trainerin:<\/strong><br><a href=\"https:\/\/tanzen-weilheim.de\/cms\/wp-content\/uploads\/2024\/03\/Monika-Marschall_UeL.pdf\" data-type=\"attachment\" data-id=\"22022\">Monika Marschall<\/a><br><a href=\"mailto:abteilungsleiter@tanzen-weilheim.de\">abteilungsleiter@tanzen-weilheim.de<\/a><\/p>\n\n\n\n<hr class=\"wp-block-separator has-alpha-channel-opacity\"\/>\n\n\n\n<p><strong>Du willst loslegen?<\/strong><\/p>\n\n\n\n<p>Dann brauchst du entweder:<br>einen abgeschlossenen Schultanzkurs<br><strong>oder<\/strong>&nbsp;einfach Lust am Tanzen \u2013 Vorkenntnisse sind kein Muss!<\/p>\n\n\n\n<p>Auch wer vorher in der Kindergruppe war, kann nach Absprache mit Monika mit einsteigen.<\/p>\n\n\n\n<p><strong>Noch Fragen?<\/strong><br>Schreib uns einfach:<br><a href=\"mailto:abteilungsleiter@tanzen-weilheim.de\">abteilungsleiter@tanzen-weilheim.de<\/a><\/p>\n\n\n\n<p>Wir freuen uns auf dich!<\/p>\n","protected":false},"excerpt":{"rendered":"<p>Tanzen lernen, Spa\u00df haben, weiterkommen Du hast Lust auf Paartanzen und gute Musik mit Gleichaltrigen? Dann bist du bei uns genau richtig. Unsere Jugendkurse sind in zwei Gruppen aufgeteilt \u2013 je nachdem, wie viel Tanzerfahrung du schon mitbringst: Jugendgruppe I&nbsp;ist perfekt f\u00fcr alle Einsteigerinnen oder Absolventinnen von Schultanzkursen. Jugendgruppe II&nbsp;richtet sich an Fortgeschrittene, hier kann [&hellip;]<\/p>\n","protected":false},"author":19,"featured_media":12420,"parent":0,"menu_order":2,"comment_status":"closed","ping_status":"closed","template":"","meta":{"footnotes":""},"class_list":["post-11767","page","type-page","status-publish","has-post-thumbnail","hentry"],"jetpack_sharing_enabled":true,"_links":{"self":[{"href":"https:\/\/tanzen-weilheim.de\/cms\/wp-json\/wp\/v2\/pages\/11767","targetHints":{"allow":["GET"]}}],"collection":[{"href":"https:\/\/tanzen-weilheim.de\/cms\/wp-json\/wp\/v2\/pages"}],"about":[{"href":"https:\/\/tanzen-weilheim.de\/cms\/wp-json\/wp\/v2\/types\/page"}],"author":[{"embeddable":true,"href":"https:\/\/tanzen-weilheim.de\/cms\/wp-json\/wp\/v2\/users\/19"}],"replies":[{"embeddable":true,"href":"https:\/\/tanzen-weilheim.de\/cms\/wp-json\/wp\/v2\/comments?post=11767"}],"version-history":[{"count":22,"href":"https:\/\/tanzen-weilheim.de\/cms\/wp-json\/wp\/v2\/pages\/11767\/revisions"}],"predecessor-version":[{"id":26426,"href":"https:\/\/tanzen-weilheim.de\/cms\/wp-json\/wp\/v2\/pages\/11767\/revisions\/26426"}],"wp:featuredmedia":[{"embeddable":true,"href":"https:\/\/tanzen-weilheim.de\/cms\/wp-json\/wp\/v2\/media\/12420"}],"wp:attachment":[{"href":"https:\/\/tanzen-weilheim.de\/cms\/wp-json\/wp\/v2\/media?parent=11767"}],"curies":[{"name":"wp","href":"https:\/\/api.w.org\/{rel}","templated":true}]}}