{"id":11764,"date":"2018-12-12T10:36:32","date_gmt":"2018-12-12T09:36:32","guid":{"rendered":"http:\/\/tanzen-weilheim.de\/cms\/?page_id=11764"},"modified":"2026-01-02T19:56:29","modified_gmt":"2026-01-02T18:56:29","slug":"kinder","status":"publish","type":"page","link":"https:\/\/tanzen-weilheim.de\/cms\/kinder","title":{"rendered":"Kinder &#8211; &#8222;Tanzm\u00e4use&#8220;"},"content":{"rendered":"\n<p><strong>Tanzen macht Kinder stark \u2013 mit Spa\u00df, Musik und Bewegung!<\/strong><\/p>\n\n\n\n<p>Koordination, Kondition, Rhythmusgef\u00fchl und Teamgeist \u2013 Tanzen f\u00f6rdert die gesunde Entwicklung von K\u00f6rper und Geist auf spielerische Weise. Schon im Kindesalter st\u00e4rkt es das Selbstvertrauen, die Konzentration und die Freude an Bewegung.<\/p>\n\n\n\n<p>In unserer Gruppe\u00a0<strong>\u201e<\/strong>Tanzm\u00e4use<strong>\u201c<\/strong>\u00a0entdecken Kinder zwischen 6 und 10 Jahren mit viel Spa\u00df und kindgerechter Anleitung die Welt des Tanzens. Dabei lernen sie einfache Schrittfolgen, bewegen sich zur Musik und entwickeln ein gutes Taktgef\u00fchl, ganz ohne Druck, aber mit viel Begeisterung.<\/p>\n\n\n\n<p>F\u00fcr besonders tanzbegeisterte Kinder bieten wir au\u00dferdem die M\u00f6glichkeit, das \u201eKleinen Tanzsternchen\u201c oder das Deutschen Tanzsportabzeichen (DTSA) in Bronze zu erwerben.<\/p>\n\n\n\n<hr class=\"wp-block-separator has-alpha-channel-opacity\"\/>\n\n\n\n<p><strong>Wann?<\/strong><br>Mittwochs von 15:30 bis 16:45 Uhr<\/p>\n\n\n\n<p><strong>Wo?<\/strong><br>Spiegelsaal im TSV-Sportzentrum<br>Pollingerstra\u00dfe 9, 82362 Weilheim<\/p>\n\n\n\n<p><strong>Was wird ben\u00f6tigt?<\/strong><br>Bequeme Kleidung, Wechselschuhe und ein Getr\u00e4nk<\/p>\n\n\n\n<p><strong>Wer unterrichtet?<\/strong><br><a href=\"https:\/\/tanzen-weilheim.de\/cms\/wp-content\/uploads\/2024\/03\/Monika-Marschall_UeL.pdf\" data-type=\"attachment\" data-id=\"22022\">Monika Marschall<\/a><\/p>\n\n\n\n<p><strong>F\u00fcr wen?<\/strong><br>Kinder von 6 bis 11 Jahren \u2013 keine Vorkenntnisse n\u00f6tig<br><br><strong>Um Anmeldung wird gebeten<\/strong> &#8211; bei Fragen schicke uns gerne eine E-Mail an <br><a href=\"mailto:abteilungsleiter@tanzen-weilheim.de\">abteilungsleiter@tanzen-weilheim.de<\/a><\/p>\n","protected":false},"excerpt":{"rendered":"<p>Tanzen macht Kinder stark \u2013 mit Spa\u00df, Musik und Bewegung! Koordination, Kondition, Rhythmusgef\u00fchl und Teamgeist \u2013 Tanzen f\u00f6rdert die gesunde Entwicklung von K\u00f6rper und Geist auf spielerische Weise. Schon im Kindesalter st\u00e4rkt es das Selbstvertrauen, die Konzentration und die Freude an Bewegung. In unserer Gruppe\u00a0\u201eTanzm\u00e4use\u201c\u00a0entdecken Kinder zwischen 6 und 10 Jahren mit viel Spa\u00df und [&hellip;]<\/p>\n","protected":false},"author":19,"featured_media":13218,"parent":0,"menu_order":0,"comment_status":"closed","ping_status":"closed","template":"","meta":{"footnotes":""},"class_list":["post-11764","page","type-page","status-publish","has-post-thumbnail","hentry"],"jetpack_sharing_enabled":true,"_links":{"self":[{"href":"https:\/\/tanzen-weilheim.de\/cms\/wp-json\/wp\/v2\/pages\/11764","targetHints":{"allow":["GET"]}}],"collection":[{"href":"https:\/\/tanzen-weilheim.de\/cms\/wp-json\/wp\/v2\/pages"}],"about":[{"href":"https:\/\/tanzen-weilheim.de\/cms\/wp-json\/wp\/v2\/types\/page"}],"author":[{"embeddable":true,"href":"https:\/\/tanzen-weilheim.de\/cms\/wp-json\/wp\/v2\/users\/19"}],"replies":[{"embeddable":true,"href":"https:\/\/tanzen-weilheim.de\/cms\/wp-json\/wp\/v2\/comments?post=11764"}],"version-history":[{"count":15,"href":"https:\/\/tanzen-weilheim.de\/cms\/wp-json\/wp\/v2\/pages\/11764\/revisions"}],"predecessor-version":[{"id":26425,"href":"https:\/\/tanzen-weilheim.de\/cms\/wp-json\/wp\/v2\/pages\/11764\/revisions\/26425"}],"wp:featuredmedia":[{"embeddable":true,"href":"https:\/\/tanzen-weilheim.de\/cms\/wp-json\/wp\/v2\/media\/13218"}],"wp:attachment":[{"href":"https:\/\/tanzen-weilheim.de\/cms\/wp-json\/wp\/v2\/media?parent=11764"}],"curies":[{"name":"wp","href":"https:\/\/api.w.org\/{rel}","templated":true}]}}