{"id":11753,"date":"2018-12-12T10:19:43","date_gmt":"2018-12-12T09:19:43","guid":{"rendered":"http:\/\/tanzen-weilheim.de\/cms\/?page_id=11753"},"modified":"2026-01-02T20:03:30","modified_gmt":"2026-01-02T19:03:30","slug":"gesellschaftskreis-ii","status":"publish","type":"page","link":"https:\/\/tanzen-weilheim.de\/cms\/breitensport\/gesellschaftskreis-ii","title":{"rendered":"Gesellschaftskreis II"},"content":{"rendered":"\n<p><strong>Wann:&nbsp;<\/strong> Montag von 20:15 Uhr bis 21:45 Uhr<\/p>\n\n\n\n<p><strong>Wo:<\/strong>&nbsp;<a href=\"http:\/\/www.tanzen-weilheim.de\/cms\/?page_id=272#Ammerschule\">Turnhalle der Ammerschule<\/a><\/p>\n\n\n\n<p><strong>Trainer:&nbsp;<\/strong><br><a href=\"http:\/\/www.tanzen-weilheim.de\/cms\/?page_id=270#Geulen\">Tanja Geulen<\/a>&nbsp;<br><\/p>\n\n\n\n<p><strong>Termine:<\/strong><br>im w\u00f6chentlichen Wechsel Latein und Standard <br><a href=\"https:\/\/tanzen-weilheim.de\/cms\/calendar\/kalender\" target=\"_blank\" rel=\"noreferrer noopener\">Kalender<\/a> <br>hier finden Sie noch weitere Termine der TSA<br><a href=\"https:\/\/tanzen-weilheim.de\/cms\/termine-main\/zusatzangebot\" target=\"_blank\" rel=\"noreferrer noopener\">\u00dcbersicht<\/a><\/p>\n\n\n\n<p> <br>bei Interesse bitte e-Mail an<a href=\"mailto:stellv-abteilungsleiter@tanzen-weilheim.de\"> stellv-Abteilungsleiter<\/a> <br><\/p>\n\n\n\n<p><strong>Einstiegsbedingungen:&nbsp;<\/strong><br>Umsteiger aus Gesellschaftskreis I oder Vorhandensein entsprechender Kenntnisse<\/p>\n\n\n\n<p><strong>Leistungsniveau:&nbsp;<\/strong><br>DTSA Silber, Gold in Standard und Latein<\/p>\n\n\n\n<p>Diese Gruppe bildet von der Anzahl der Teilnehmer her die gr\u00f6\u00dfte Gruppe innerhalb der TSA. Der Tanzsport wird dort im Wesentlichen als Freizeitsport ausge\u00fcbt. Die Gruppe eignet sich daher besonders f\u00fcr Paare mit mehrj\u00e4hriger Praxis, die ihren Sport auf h\u00f6herem Niveau, jedoch ohne Wettbewerbs \u2013 bzw. Turnierambitionen aus\u00fcben wollen. Inhaltlich werden anspruchsvollere Figurenfolgen in Verbindung mit daf\u00fcr erforderlicher Tanztechnik \u2013 wie Balancen und den jeweiligen T\u00e4nzen typische Bewegungsabl\u00e4ufe \u2013 vermittelt. Sie ist auch ein guter Ausgangspunkt f\u00fcr Paare, die sich f\u00fcr Einstieg in die Formationsgruppe, in den Breitensportwettbewerb (Leistungsgruppe I) oder in das Turniergeschehen (Leistungsgruppe II) weiterentwickeln wollen.<\/p>\n","protected":false},"excerpt":{"rendered":"<p>Wann:&nbsp; Montag von 20:15 Uhr bis 21:45 Uhr Wo:&nbsp;Turnhalle der Ammerschule Trainer:&nbsp;Tanja Geulen&nbsp; Termine:im w\u00f6chentlichen Wechsel Latein und Standard Kalender hier finden Sie noch weitere Termine der TSA\u00dcbersicht bei Interesse bitte e-Mail an stellv-Abteilungsleiter Einstiegsbedingungen:&nbsp;Umsteiger aus Gesellschaftskreis I oder Vorhandensein entsprechender Kenntnisse Leistungsniveau:&nbsp;DTSA Silber, Gold in Standard und Latein Diese Gruppe bildet von der Anzahl [&hellip;]<\/p>\n","protected":false},"author":19,"featured_media":0,"parent":11579,"menu_order":3,"comment_status":"closed","ping_status":"closed","template":"","meta":{"footnotes":""},"class_list":["post-11753","page","type-page","status-publish","hentry"],"jetpack_sharing_enabled":true,"_links":{"self":[{"href":"https:\/\/tanzen-weilheim.de\/cms\/wp-json\/wp\/v2\/pages\/11753","targetHints":{"allow":["GET"]}}],"collection":[{"href":"https:\/\/tanzen-weilheim.de\/cms\/wp-json\/wp\/v2\/pages"}],"about":[{"href":"https:\/\/tanzen-weilheim.de\/cms\/wp-json\/wp\/v2\/types\/page"}],"author":[{"embeddable":true,"href":"https:\/\/tanzen-weilheim.de\/cms\/wp-json\/wp\/v2\/users\/19"}],"replies":[{"embeddable":true,"href":"https:\/\/tanzen-weilheim.de\/cms\/wp-json\/wp\/v2\/comments?post=11753"}],"version-history":[{"count":14,"href":"https:\/\/tanzen-weilheim.de\/cms\/wp-json\/wp\/v2\/pages\/11753\/revisions"}],"predecessor-version":[{"id":26430,"href":"https:\/\/tanzen-weilheim.de\/cms\/wp-json\/wp\/v2\/pages\/11753\/revisions\/26430"}],"up":[{"embeddable":true,"href":"https:\/\/tanzen-weilheim.de\/cms\/wp-json\/wp\/v2\/pages\/11579"}],"wp:attachment":[{"href":"https:\/\/tanzen-weilheim.de\/cms\/wp-json\/wp\/v2\/media?parent=11753"}],"curies":[{"name":"wp","href":"https:\/\/api.w.org\/{rel}","templated":true}]}}