{"id":11747,"date":"2018-12-12T10:14:29","date_gmt":"2018-12-12T09:14:29","guid":{"rendered":"http:\/\/tanzen-weilheim.de\/cms\/?page_id=11747"},"modified":"2026-01-02T20:02:41","modified_gmt":"2026-01-02T19:02:41","slug":"gesellschaftskreis-i","status":"publish","type":"page","link":"https:\/\/tanzen-weilheim.de\/cms\/breitensport\/gesellschaftskreis-i","title":{"rendered":"Gesellschaftskreis I"},"content":{"rendered":"\n<p><strong>Wann:<\/strong>&nbsp;Montag von 18:30 bis 20:00 Uhr<\/p>\n\n\n\n<p><strong>Wo:<\/strong>&nbsp;<a href=\"http:\/\/www.tanzen-weilheim.de\/cms\/?page_id=272#Ammerschule\">Turnhalle der Ammerschule<\/a><\/p>\n\n\n\n<p><strong>Trainer:<\/strong><br><a href=\"http:\/\/www.tanzen-weilheim.de\/cms\/?page_id=270#Geulen\">Tanja Geulen<\/a>&nbsp;<br><\/p>\n\n\n\n<p><br><strong>Termine:<\/strong><br>im w\u00f6chentlichen Wechsel findet Latein oder Standard statt &#8211; siehe dazu<br><a href=\"https:\/\/tanzen-weilheim.de\/cms\/calendar\/kalender\" target=\"_blank\" rel=\"noreferrer noopener\">Kalender<\/a> <br>unter <a href=\"https:\/\/tanzen-weilheim.de\/cms\/termine-main\/zusatzangebot\" target=\"_blank\" rel=\"noreferrer noopener\">\u00dcbersicht<\/a> finden Sie noch weiter Termine der TSA<\/p>\n\n\n\n<p> <br>bei Interesse bitte e-Mail an<a href=\"mailto:stellv-abteilungsleiter@tanzen-weilheim.de\"> stellv-Abteilungsleiter<\/a> <br><\/p>\n\n\n\n<p><strong>Einstiegsbedingungen:&nbsp;<\/strong><br>Umsteiger aus der Einsteigergruppe oder Vorhandensein entsprechender Kenntnisse<\/p>\n\n\n\n<p><strong>Leistungsniveau:&nbsp;<\/strong><br>DTSA Bronze in Standard und Latein<\/p>\n\n\n\n<p>In dieser Gruppe steht Tanzsport als Hobby im Vordergrund. Eine wesentliche Aufgabe der Gruppe ist die Aufnahme von T\u00e4nzern aus der Einsteigergruppe. Inhaltlich wird das Repertoire an Figuren erweitert und grundlegende Tanztechniken verbessert, die f\u00fcr das Tanzen im Takt der jeweiligen Musik der unterschiedlichen T\u00e4nze ben\u00f6tigt werden. Zur weiteren Entwicklung der T\u00e4nzer besteht die M\u00f6glichkeit, zur Gesellschaftsgruppe II \u00fcberzutreten.<\/p>\n","protected":false},"excerpt":{"rendered":"<p>Wann:&nbsp;Montag von 18:30 bis 20:00 Uhr Wo:&nbsp;Turnhalle der Ammerschule Trainer:Tanja Geulen&nbsp; Termine:im w\u00f6chentlichen Wechsel findet Latein oder Standard statt &#8211; siehe dazuKalender unter \u00dcbersicht finden Sie noch weiter Termine der TSA bei Interesse bitte e-Mail an stellv-Abteilungsleiter Einstiegsbedingungen:&nbsp;Umsteiger aus der Einsteigergruppe oder Vorhandensein entsprechender Kenntnisse Leistungsniveau:&nbsp;DTSA Bronze in Standard und Latein In dieser Gruppe steht [&hellip;]<\/p>\n","protected":false},"author":19,"featured_media":0,"parent":11579,"menu_order":1,"comment_status":"closed","ping_status":"closed","template":"","meta":{"footnotes":""},"class_list":["post-11747","page","type-page","status-publish","hentry"],"jetpack_sharing_enabled":true,"_links":{"self":[{"href":"https:\/\/tanzen-weilheim.de\/cms\/wp-json\/wp\/v2\/pages\/11747","targetHints":{"allow":["GET"]}}],"collection":[{"href":"https:\/\/tanzen-weilheim.de\/cms\/wp-json\/wp\/v2\/pages"}],"about":[{"href":"https:\/\/tanzen-weilheim.de\/cms\/wp-json\/wp\/v2\/types\/page"}],"author":[{"embeddable":true,"href":"https:\/\/tanzen-weilheim.de\/cms\/wp-json\/wp\/v2\/users\/19"}],"replies":[{"embeddable":true,"href":"https:\/\/tanzen-weilheim.de\/cms\/wp-json\/wp\/v2\/comments?post=11747"}],"version-history":[{"count":19,"href":"https:\/\/tanzen-weilheim.de\/cms\/wp-json\/wp\/v2\/pages\/11747\/revisions"}],"predecessor-version":[{"id":26429,"href":"https:\/\/tanzen-weilheim.de\/cms\/wp-json\/wp\/v2\/pages\/11747\/revisions\/26429"}],"up":[{"embeddable":true,"href":"https:\/\/tanzen-weilheim.de\/cms\/wp-json\/wp\/v2\/pages\/11579"}],"wp:attachment":[{"href":"https:\/\/tanzen-weilheim.de\/cms\/wp-json\/wp\/v2\/media?parent=11747"}],"curies":[{"name":"wp","href":"https:\/\/api.w.org\/{rel}","templated":true}]}}