{"id":11745,"date":"2018-12-12T10:11:05","date_gmt":"2018-12-12T09:11:05","guid":{"rendered":"http:\/\/tanzen-weilheim.de\/cms\/?page_id=11745"},"modified":"2026-01-02T20:04:42","modified_gmt":"2026-01-02T19:04:42","slug":"einsteiger","status":"publish","type":"page","link":"https:\/\/tanzen-weilheim.de\/cms\/breitensport\/einsteiger","title":{"rendered":"Gesellschaftskreis Einsteiger"},"content":{"rendered":"\n<p><strong>Wann:<\/strong>&nbsp; Donnerstag von 19:00 bis 20:30 Uhr &nbsp;<\/p>\n\n\n\n<p><strong>Wo:&nbsp;<\/strong><a href=\"http:\/\/www.tanzen-weilheim.de\/cms\/?page_id=272#Vereinsheim\">Spiegelsaal \/ TSV Sportzentrum Pollinger Str. 9 82362 Weilheim<\/a><\/p>\n\n\n\n<p><strong>Trainer:\u00a0<\/strong><a href=\"http:\/\/www.tanzen-weilheim.de\/cms\/?page_id=270#Birgit%20Handel\">Birgit Handel\u00a0<\/a><br><br>Termine siehe auch<br><a href=\"https:\/\/tanzen-weilheim.de\/cms\/calendar\/kalender\" target=\"_blank\" rel=\"noreferrer noopener\">Kalender<\/a> <br><a href=\"https:\/\/tanzen-weilheim.de\/cms\/termine-main\/tanzkurse\">Tanzkurse<\/a><br>Workshop-Termine finden Sie unter<br><a href=\"https:\/\/tanzen-weilheim.de\/cms\/termine-main\/zusatzangebot\" target=\"_blank\" rel=\"noreferrer noopener\">\u00dcbersicht<\/a><\/p>\n\n\n\n<p>Bei Interesse bitte e-Mail an<a href=\"mailto:stellv-abteilungsleiter@tanzen-weilheim.de\"> stellv-Abteilungsleiter<\/a><\/p>\n\n\n\n<p><strong>Einstiegsbedingungen:&nbsp;<\/strong><br>Absolventen von Tanzkursen der TSA oder Vorhandensein entsprechender Grundkenntnisse<\/p>\n\n\n\n<p><strong>Leistungsniveau:&nbsp;<\/strong><br>Figurenfolgen aus Anf\u00e4nger- und Fortgeschrittenenkursen; Ziel ist das DTSA in Bronze<\/p>\n\n\n\n<p>Der Gesellschaftskreis E ist die erste Anlaufstelle f\u00fcr Absolventen von Tanzkursen der TSA und f\u00fcr Wiedereinsteiger, die ihre erworbenen Kenntnisse vertiefen bzw. auffrischen wollen. Auf Basis der in den Kursen vermittelten Grundkenntnisse in Standard- und Latein-T\u00e4nzen ist ein nahtloser \u00dcbertritt m\u00f6glich. Tanzen als Freizeitsport steht im Vordergrund. Inhaltlich werden die in den Kursen vermittelten Figuren-Folgen in den Latein- und Standardt\u00e4nzen vertieft und erweitert, verbunden mit Grundlagen der Tanztechnik, wie K\u00f6rperhaltung und Bewegungsabl\u00e4ufen im Takt der Musik. F\u00fcr fortgeschrittenere Paare bietet sich der Wechsel in die Gesellschaftsgruppe I an.<\/p>\n","protected":false},"excerpt":{"rendered":"<p>Wann:&nbsp; Donnerstag von 19:00 bis 20:30 Uhr &nbsp; Wo:&nbsp;Spiegelsaal \/ TSV Sportzentrum Pollinger Str. 9 82362 Weilheim Trainer:\u00a0Birgit Handel\u00a0 Termine siehe auchKalender TanzkurseWorkshop-Termine finden Sie unter\u00dcbersicht Bei Interesse bitte e-Mail an stellv-Abteilungsleiter Einstiegsbedingungen:&nbsp;Absolventen von Tanzkursen der TSA oder Vorhandensein entsprechender Grundkenntnisse Leistungsniveau:&nbsp;Figurenfolgen aus Anf\u00e4nger- und Fortgeschrittenenkursen; Ziel ist das DTSA in Bronze Der Gesellschaftskreis E [&hellip;]<\/p>\n","protected":false},"author":19,"featured_media":0,"parent":11579,"menu_order":1,"comment_status":"closed","ping_status":"closed","template":"","meta":{"footnotes":""},"class_list":["post-11745","page","type-page","status-publish","hentry"],"jetpack_sharing_enabled":true,"_links":{"self":[{"href":"https:\/\/tanzen-weilheim.de\/cms\/wp-json\/wp\/v2\/pages\/11745","targetHints":{"allow":["GET"]}}],"collection":[{"href":"https:\/\/tanzen-weilheim.de\/cms\/wp-json\/wp\/v2\/pages"}],"about":[{"href":"https:\/\/tanzen-weilheim.de\/cms\/wp-json\/wp\/v2\/types\/page"}],"author":[{"embeddable":true,"href":"https:\/\/tanzen-weilheim.de\/cms\/wp-json\/wp\/v2\/users\/19"}],"replies":[{"embeddable":true,"href":"https:\/\/tanzen-weilheim.de\/cms\/wp-json\/wp\/v2\/comments?post=11745"}],"version-history":[{"count":16,"href":"https:\/\/tanzen-weilheim.de\/cms\/wp-json\/wp\/v2\/pages\/11745\/revisions"}],"predecessor-version":[{"id":26431,"href":"https:\/\/tanzen-weilheim.de\/cms\/wp-json\/wp\/v2\/pages\/11745\/revisions\/26431"}],"up":[{"embeddable":true,"href":"https:\/\/tanzen-weilheim.de\/cms\/wp-json\/wp\/v2\/pages\/11579"}],"wp:attachment":[{"href":"https:\/\/tanzen-weilheim.de\/cms\/wp-json\/wp\/v2\/media?parent=11745"}],"curies":[{"name":"wp","href":"https:\/\/api.w.org\/{rel}","templated":true}]}}