{"id":11739,"date":"2018-12-12T09:51:18","date_gmt":"2018-12-12T08:51:18","guid":{"rendered":"http:\/\/tanzen-weilheim.de\/cms\/?page_id=11739"},"modified":"2023-02-22T11:59:19","modified_gmt":"2023-02-22T10:59:19","slug":"formation","status":"publish","type":"page","link":"https:\/\/tanzen-weilheim.de\/cms\/turnier\/formation","title":{"rendered":"Formation"},"content":{"rendered":"\n<h3 class=\"wp-block-heading\">\u201eQuick Quick Slow\u201c <\/h3>\n\n\n\n<p><strong>Wann:<\/strong>&nbsp;Donnerstag von 20:30 bis 22:00 Uhr<\/p>\n\n\n\n<p><strong>Wo:<\/strong>&nbsp;&nbsp;<a href=\"http:\/\/www.tanzen-weilheim.de\/cms\/?page_id=272#Vereinsheim\">Spiegelsaal \/ Vereinsheim<\/a><br><\/p>\n\n\n\n<p><strong>Trainer:<\/strong>&nbsp;&nbsp;<a href=\"http:\/\/www.tanzen-weilheim.de\/cms\/?page_id=270#Birgit%20Handel\">Birgit Handel<\/a>&nbsp; und&nbsp;<a href=\"http:\/\/www.tanzen-weilheim.de\/cms\/?page_id=270#Paul%20Handel\">Paul Handel<\/a><\/p>\n\n\n\n<p><strong>Einstiegsbedingungen:&nbsp;<\/strong><br>i.d.R. Teilnehmer aus Gesellschaftsgruppen mit Bereitschaft zur Teambildung und zum Auftreten vor Publikum<\/p>\n\n\n\n<p><strong>Leistungsniveau:<\/strong>&nbsp;DTSA Bronze<\/p>\n\n\n\n<p>In der TSA bestehen seit \u00fcber 15 Jahren Tanzformationen mit unterschiedlichen Choreografien f\u00fcr Jugend und Erwachsene , die vom verstorbenen Trainer Wolfgang Hauser, sp\u00e4ter von Tanja Geulen und f\u00fcr die Jugend von Verena Sommerer einstudiert wurden . Derzeit besteht die Formation aus 8 -10 Paaren , gemischt aus Jugend- und Erwachsenenpaaren; trainiert wird eine Latein-Standardformation mit unterschiedlichen Bildern. Ziel der Formation ist, ein gemeinsames Team zu bilden, das synchron ablaufende und abwechslungsreiche Choreographien darbieten kann, und das damit einen Beitrag zur Pr\u00e4sentation der TSA leisten kann. Die Formationsgruppe bietet auch \u2013 mit w\u00fcnschenswerter Verst\u00e4rkung von Nicht-Formationsmitgliedern \u2013 Demos der in der TSA angebotenen T\u00e4nze an, um mit deren Darbietung den Zusammenhalt zu f\u00f6rdern und f\u00fcr den Tanzsport zu werben. Aktuell startet die Formation der TSA in der&nbsp;<strong><em>Hobbyliga<\/em><\/strong>.<\/p>\n\n\n\n<p>weitere Info&#8217;s <a href=\"https:\/\/tanzen-weilheim.de\/cms\/uber-uns-main\/formation-weilheim\">hier<\/a><\/p>\n","protected":false},"excerpt":{"rendered":"<p>\u201eQuick Quick Slow\u201c Wann:&nbsp;Donnerstag von 20:30 bis 22:00 Uhr Wo:&nbsp;&nbsp;Spiegelsaal \/ Vereinsheim Trainer:&nbsp;&nbsp;Birgit Handel&nbsp; und&nbsp;Paul Handel Einstiegsbedingungen:&nbsp;i.d.R. Teilnehmer aus Gesellschaftsgruppen mit Bereitschaft zur Teambildung und zum Auftreten vor Publikum Leistungsniveau:&nbsp;DTSA Bronze In der TSA bestehen seit \u00fcber 15 Jahren Tanzformationen mit unterschiedlichen Choreografien f\u00fcr Jugend und Erwachsene , die vom verstorbenen Trainer Wolfgang Hauser, sp\u00e4ter [&hellip;]<\/p>\n","protected":false},"author":19,"featured_media":19178,"parent":11599,"menu_order":3,"comment_status":"closed","ping_status":"closed","template":"","meta":{"footnotes":""},"class_list":["post-11739","page","type-page","status-publish","has-post-thumbnail","hentry"],"jetpack_sharing_enabled":true,"_links":{"self":[{"href":"https:\/\/tanzen-weilheim.de\/cms\/wp-json\/wp\/v2\/pages\/11739","targetHints":{"allow":["GET"]}}],"collection":[{"href":"https:\/\/tanzen-weilheim.de\/cms\/wp-json\/wp\/v2\/pages"}],"about":[{"href":"https:\/\/tanzen-weilheim.de\/cms\/wp-json\/wp\/v2\/types\/page"}],"author":[{"embeddable":true,"href":"https:\/\/tanzen-weilheim.de\/cms\/wp-json\/wp\/v2\/users\/19"}],"replies":[{"embeddable":true,"href":"https:\/\/tanzen-weilheim.de\/cms\/wp-json\/wp\/v2\/comments?post=11739"}],"version-history":[{"count":5,"href":"https:\/\/tanzen-weilheim.de\/cms\/wp-json\/wp\/v2\/pages\/11739\/revisions"}],"predecessor-version":[{"id":19240,"href":"https:\/\/tanzen-weilheim.de\/cms\/wp-json\/wp\/v2\/pages\/11739\/revisions\/19240"}],"up":[{"embeddable":true,"href":"https:\/\/tanzen-weilheim.de\/cms\/wp-json\/wp\/v2\/pages\/11599"}],"wp:featuredmedia":[{"embeddable":true,"href":"https:\/\/tanzen-weilheim.de\/cms\/wp-json\/wp\/v2\/media\/19178"}],"wp:attachment":[{"href":"https:\/\/tanzen-weilheim.de\/cms\/wp-json\/wp\/v2\/media?parent=11739"}],"curies":[{"name":"wp","href":"https:\/\/api.w.org\/{rel}","templated":true}]}}