{"id":11737,"date":"2018-12-12T09:48:37","date_gmt":"2018-12-12T08:48:37","guid":{"rendered":"http:\/\/tanzen-weilheim.de\/cms\/?page_id=11737"},"modified":"2022-09-07T17:26:51","modified_gmt":"2022-09-07T15:26:51","slug":"leistungsgruppe-ii","status":"publish","type":"page","link":"https:\/\/tanzen-weilheim.de\/cms\/turnier\/leistungsgruppe-ii","title":{"rendered":"Leistungsgruppe II"},"content":{"rendered":"\n<h3 class=\"wp-block-heading\">Leistungsgruppe II&nbsp;<\/h3>\n\n\n\n<p><strong>Training:\u00a0<\/strong><br><strong><em>Standard:<\/em><\/strong><br>Mittwoch zwischen 19:00 und 20:30 Uhr im<br> <a href=\"http:\/\/www.tanzen-weilheim.de\/cms\/?page_id=272#Vereinsheim\">Spiegelsaal \/ Vereinsheim<\/a>\u00a0(14-t\u00e4gig) <br><strong><em>Latein:\u00a0<\/em><\/strong>\u00a0<br>Dienstag zwischen 20.30 und 22.00 Uhr im\u00a0<br><a href=\"http:\/\/www.tanzen-weilheim.de\/cms\/?page_id=272#Vereinsheim\">Spiegelsaal \/ Vereinsheim<\/a>\u00a0(14-t\u00e4gig)<br><\/p>\n\n\n\n<p><strong>Practice Standard:<\/strong><br><a href=\"https:\/\/tanzen-weilheim.de\/cms\/calendar\/kalender\">sonntags  1 x \/ Monat<\/a><br><strong>Practice Latein: <\/strong><br><a href=\"https:\/\/tanzen-weilheim.de\/cms\/calendar\/kalender\">nach Bedarf 1 x \/ Monat <\/a><\/p>\n\n\n\n<p>Termine siehe  <br><a rel=\"noreferrer noopener\" href=\"https:\/\/tanzen-weilheim.de\/cms\/calendar\/kalender\" target=\"_blank\">Kalender<\/a> <br>Angebot an Privatstundentage und Workshops <a href=\"https:\/\/tanzen-weilheim.de\/cms\/termine-main\/turniersport-infos\">hier<\/a> <br><\/p>\n\n\n\n<p><strong>Trainer&nbsp;der&nbsp;Turniergruppen<\/strong><br><a href=\"http:\/\/www.tanzen-weilheim.de\/cms\/?page_id=270#Geulen\">Julia W\u00f6hrle<\/a>&nbsp;(Latein)&nbsp;&nbsp;<br><a href=\"https:\/\/tanzen-weilheim.de\/cms\/uber-uns-main\/trainer\">Susanne Scheub\u00f6ck<\/a> (Standard)<br><a href=\"https:\/\/tanzen-weilheim.de\/cms\/igor-akalowski\">Igor Akalowski<\/a> (Practice Standard)<br><\/p>\n\n\n\n<p><strong>Einstiegsbedingungen:<\/strong><br>Teilnehmer von Tanzsportwettbewerben, Bereitschaft zum intensiven Ein\u00fcben des Gelernten, i.d.R. Teinahme an mehreren Trainingseinheiten pro Woche<\/p>\n\n\n\n<p><strong>Leistungsniveau:&nbsp;<\/strong><br>ausgelegt auf die Klassenzugeh\u00f6rigkeit der Paare, aktuell auf Turnierklasse D-C-B-A-S f\u00fcr Standard und Turnierklasse D-C-B-A-S f\u00fcr Latein<\/p>\n\n\n\n<p>Vor&nbsp;<strong>Teilnahme<\/strong>&nbsp;an der Leistungsgruppe II (Standard oder Latein)&nbsp; bitte&nbsp;<strong>Kontakt mit unserem Sportwart<\/strong>&nbsp;aufnehmen \u2013 <br>hierzu bitte e-Mail an&nbsp;<a href=\"mailto:sportwart@tanzen-weilheim.de\">sportwart@tanzen-weilheim.de<\/a>.<br>Teilnehmer sind Turnier- und Breitensportpaare der TSA, sowie Turnierpaare, die TSA-Mitglieder sind, aber f\u00fcr andere Vereine starten. Inhaltlich vermittelt werden Figurenfolgen (Variationen, individuelle Anpassungen), Balancen (K\u00f6rperstand, Schw\u00fcnge, Rotationen, Neigungen, vertikale Bewegungsmuster), Bewegungsabl\u00e4ufe (Drive, Swing, \u2026), Paarhaltungen, Grundbewegungen der einzelnen T\u00e4nze in Verbindung mit t\u00e4nzerischem Ausdruck, koordinative F\u00e4higkeiten, Verhalten im Wettbewerb, u.a. das Training hat zum Ziel die Wettbewerbsf\u00e4higkeit zu erm\u00f6glichen und zu erhalten und zu Leistungssteigerungen zu f\u00fchren.<\/p>\n","protected":false},"excerpt":{"rendered":"<p>Leistungsgruppe II&nbsp; Training:\u00a0Standard:Mittwoch zwischen 19:00 und 20:30 Uhr im Spiegelsaal \/ Vereinsheim\u00a0(14-t\u00e4gig) Latein:\u00a0\u00a0Dienstag zwischen 20.30 und 22.00 Uhr im\u00a0Spiegelsaal \/ Vereinsheim\u00a0(14-t\u00e4gig) Practice Standard:sonntags 1 x \/ MonatPractice Latein: nach Bedarf 1 x \/ Monat Termine siehe Kalender Angebot an Privatstundentage und Workshops hier Trainer&nbsp;der&nbsp;TurniergruppenJulia W\u00f6hrle&nbsp;(Latein)&nbsp;&nbsp;Susanne Scheub\u00f6ck (Standard)Igor Akalowski (Practice Standard) Einstiegsbedingungen:Teilnehmer von Tanzsportwettbewerben, Bereitschaft zum [&hellip;]<\/p>\n","protected":false},"author":19,"featured_media":17636,"parent":11599,"menu_order":2,"comment_status":"closed","ping_status":"closed","template":"","meta":{"footnotes":""},"class_list":["post-11737","page","type-page","status-publish","has-post-thumbnail","hentry"],"jetpack_sharing_enabled":true,"_links":{"self":[{"href":"https:\/\/tanzen-weilheim.de\/cms\/wp-json\/wp\/v2\/pages\/11737","targetHints":{"allow":["GET"]}}],"collection":[{"href":"https:\/\/tanzen-weilheim.de\/cms\/wp-json\/wp\/v2\/pages"}],"about":[{"href":"https:\/\/tanzen-weilheim.de\/cms\/wp-json\/wp\/v2\/types\/page"}],"author":[{"embeddable":true,"href":"https:\/\/tanzen-weilheim.de\/cms\/wp-json\/wp\/v2\/users\/19"}],"replies":[{"embeddable":true,"href":"https:\/\/tanzen-weilheim.de\/cms\/wp-json\/wp\/v2\/comments?post=11737"}],"version-history":[{"count":16,"href":"https:\/\/tanzen-weilheim.de\/cms\/wp-json\/wp\/v2\/pages\/11737\/revisions"}],"predecessor-version":[{"id":17642,"href":"https:\/\/tanzen-weilheim.de\/cms\/wp-json\/wp\/v2\/pages\/11737\/revisions\/17642"}],"up":[{"embeddable":true,"href":"https:\/\/tanzen-weilheim.de\/cms\/wp-json\/wp\/v2\/pages\/11599"}],"wp:featuredmedia":[{"embeddable":true,"href":"https:\/\/tanzen-weilheim.de\/cms\/wp-json\/wp\/v2\/media\/17636"}],"wp:attachment":[{"href":"https:\/\/tanzen-weilheim.de\/cms\/wp-json\/wp\/v2\/media?parent=11737"}],"curies":[{"name":"wp","href":"https:\/\/api.w.org\/{rel}","templated":true}]}}