{"id":11736,"date":"2018-12-12T09:57:12","date_gmt":"2018-12-12T08:57:12","guid":{"rendered":"http:\/\/tanzen-weilheim.de\/cms\/?page_id=11736"},"modified":"2022-09-07T17:04:24","modified_gmt":"2022-09-07T15:04:24","slug":"leistungsgruppe-i","status":"publish","type":"page","link":"https:\/\/tanzen-weilheim.de\/cms\/turnier\/leistungsgruppe-i","title":{"rendered":"Leistungsgruppe I"},"content":{"rendered":"\n<p><strong>Wann:<\/strong>&nbsp;Freitag von 20:00 \u2013 22:00 Uhr&nbsp;<\/p>\n\n\n\n<p><strong>Rhytmus Latein\/Standard:&nbsp;<\/strong><br>am 1. Freitag im Monat Latein, restliche Freitage Standard&nbsp; &nbsp; <br>siehe dazu <br><a rel=\"noreferrer noopener\" href=\"https:\/\/tanzen-weilheim.de\/cms\/calendar\/kalender\" target=\"_blank\">Kalender<\/a> <br>Workshop-Termine der TSA finden Sie unter<br><a rel=\"noreferrer noopener\" href=\"https:\/\/tanzen-weilheim.de\/cms\/termine-main\/zusatzangebot\" target=\"_blank\">Zusatztermine<\/a> &nbsp;bzw. unter <a href=\"https:\/\/tanzen-weilheim.de\/cms\/termine-main\/turniersport-infos\">Turniersport-Infos<\/a><\/p>\n\n\n\n<p><strong>Wo:<\/strong>&nbsp;&nbsp;<a href=\"http:\/\/www.tanzen-weilheim.de\/cms\/?page_id=272#Ammerschule\">Turnhalle der Ammerschule<\/a>&nbsp;<\/p>\n\n\n\n<p><strong>Trainer:<\/strong>&nbsp;<a href=\"http:\/\/www.tanzen-weilheim.de\/cms\/?page_id=270#Geulen\">Dr. Oliver Geulen<\/a><\/p>\n\n\n\n<p><strong>Einstiegsbedingungen:<\/strong><br>Teilnehmer aus Jugendgruppen oder Gesellschaftsgruppen mit Interesse, an Tanzwettbewerben teilnehmen zu wollen; Bereitschaft zum selbst\u00e4ndigen Ein\u00fcben des Gelernten<\/p>\n\n\n\n<p><strong>Leistungsniveau:<\/strong><br>DTSA Gold, Gold mit Kranz, Breitensport, Turnier D-C in Standard und Latein<\/p>\n\n\n\n<p>Teilnehmer sind Turnier- und Breitensportpaare der TSA, Turnierpaare die Zweitmitglieder der TSA sind aber f\u00fcr einen anderen Club starten und Paare der TSA, die sich auf\u00a0<strong>Breitensportwettbewerbe oder den Turnierbetrieb<\/strong>\u00a0vorbereiten wollen. Trainingsinhalte sind i. d. R. Tanztechnik, d.h. der Erwerb t\u00e4nzerischer F\u00e4higkeiten, wie sie im Turnierbetrieb gefordert werden wie Balancen, Bewegungsabl\u00e4ufe und Paarhaltung.<\/p>\n","protected":false},"excerpt":{"rendered":"<p>Wann:&nbsp;Freitag von 20:00 \u2013 22:00 Uhr&nbsp; Rhytmus Latein\/Standard:&nbsp;am 1. Freitag im Monat Latein, restliche Freitage Standard&nbsp; &nbsp; siehe dazu Kalender Workshop-Termine der TSA finden Sie unterZusatztermine &nbsp;bzw. unter Turniersport-Infos Wo:&nbsp;&nbsp;Turnhalle der Ammerschule&nbsp; Trainer:&nbsp;Dr. Oliver Geulen Einstiegsbedingungen:Teilnehmer aus Jugendgruppen oder Gesellschaftsgruppen mit Interesse, an Tanzwettbewerben teilnehmen zu wollen; Bereitschaft zum selbst\u00e4ndigen Ein\u00fcben des Gelernten Leistungsniveau:DTSA Gold, [&hellip;]<\/p>\n","protected":false},"author":19,"featured_media":0,"parent":11599,"menu_order":0,"comment_status":"closed","ping_status":"closed","template":"","meta":{"footnotes":""},"class_list":["post-11736","page","type-page","status-publish","hentry"],"jetpack_sharing_enabled":true,"_links":{"self":[{"href":"https:\/\/tanzen-weilheim.de\/cms\/wp-json\/wp\/v2\/pages\/11736","targetHints":{"allow":["GET"]}}],"collection":[{"href":"https:\/\/tanzen-weilheim.de\/cms\/wp-json\/wp\/v2\/pages"}],"about":[{"href":"https:\/\/tanzen-weilheim.de\/cms\/wp-json\/wp\/v2\/types\/page"}],"author":[{"embeddable":true,"href":"https:\/\/tanzen-weilheim.de\/cms\/wp-json\/wp\/v2\/users\/19"}],"replies":[{"embeddable":true,"href":"https:\/\/tanzen-weilheim.de\/cms\/wp-json\/wp\/v2\/comments?post=11736"}],"version-history":[{"count":8,"href":"https:\/\/tanzen-weilheim.de\/cms\/wp-json\/wp\/v2\/pages\/11736\/revisions"}],"predecessor-version":[{"id":17640,"href":"https:\/\/tanzen-weilheim.de\/cms\/wp-json\/wp\/v2\/pages\/11736\/revisions\/17640"}],"up":[{"embeddable":true,"href":"https:\/\/tanzen-weilheim.de\/cms\/wp-json\/wp\/v2\/pages\/11599"}],"wp:attachment":[{"href":"https:\/\/tanzen-weilheim.de\/cms\/wp-json\/wp\/v2\/media?parent=11736"}],"curies":[{"name":"wp","href":"https:\/\/api.w.org\/{rel}","templated":true}]}}