{"id":11579,"date":"2018-12-09T10:59:52","date_gmt":"2018-12-09T08:59:52","guid":{"rendered":"http:\/\/tanzen-weilheim.de\/cms\/?page_id=11579"},"modified":"2021-10-21T11:22:09","modified_gmt":"2021-10-21T09:22:09","slug":"breitensport","status":"publish","type":"page","link":"https:\/\/tanzen-weilheim.de\/cms\/breitensport","title":{"rendered":"Gesellschaftstanz"},"content":{"rendered":"\n<h1 class=\"wp-block-heading\" style=\"text-align:center\">Das sch\u00f6nste Hobby \u00fcberhaupt<\/h1>\n\n\n\n<h4 class=\"wp-block-heading\" style=\"text-align:center\">F\u00fcr Einsteiger.  F\u00fcr langj\u00e4hrige T\u00e4nzer.  F\u00fcr junge Erwachsene.  F\u00fcr Senioren. Da Tanzen immer und in jedem Alter Freude bereitet.<\/h4>\n\n\n\n<p><\/p>\n","protected":false},"excerpt":{"rendered":"<p>Das sch\u00f6nste Hobby \u00fcberhaupt F\u00fcr Einsteiger. F\u00fcr langj\u00e4hrige T\u00e4nzer. F\u00fcr junge Erwachsene. F\u00fcr Senioren. Da Tanzen immer und in jedem Alter Freude bereitet.<\/p>\n","protected":false},"author":20,"featured_media":12415,"parent":0,"menu_order":1,"comment_status":"closed","ping_status":"closed","template":"","meta":{"footnotes":""},"class_list":["post-11579","page","type-page","status-publish","has-post-thumbnail","hentry"],"jetpack_sharing_enabled":true,"_links":{"self":[{"href":"https:\/\/tanzen-weilheim.de\/cms\/wp-json\/wp\/v2\/pages\/11579","targetHints":{"allow":["GET"]}}],"collection":[{"href":"https:\/\/tanzen-weilheim.de\/cms\/wp-json\/wp\/v2\/pages"}],"about":[{"href":"https:\/\/tanzen-weilheim.de\/cms\/wp-json\/wp\/v2\/types\/page"}],"author":[{"embeddable":true,"href":"https:\/\/tanzen-weilheim.de\/cms\/wp-json\/wp\/v2\/users\/20"}],"replies":[{"embeddable":true,"href":"https:\/\/tanzen-weilheim.de\/cms\/wp-json\/wp\/v2\/comments?post=11579"}],"version-history":[{"count":13,"href":"https:\/\/tanzen-weilheim.de\/cms\/wp-json\/wp\/v2\/pages\/11579\/revisions"}],"predecessor-version":[{"id":16435,"href":"https:\/\/tanzen-weilheim.de\/cms\/wp-json\/wp\/v2\/pages\/11579\/revisions\/16435"}],"wp:featuredmedia":[{"embeddable":true,"href":"https:\/\/tanzen-weilheim.de\/cms\/wp-json\/wp\/v2\/media\/12415"}],"wp:attachment":[{"href":"https:\/\/tanzen-weilheim.de\/cms\/wp-json\/wp\/v2\/media?parent=11579"}],"curies":[{"name":"wp","href":"https:\/\/api.w.org\/{rel}","templated":true}]}}