{"id":11,"date":"2008-01-16T10:58:22","date_gmt":"2008-01-16T09:58:22","guid":{"rendered":"http:\/\/www.tanzen-weilheim.de\/cms\/?page_id=11"},"modified":"2026-01-23T16:56:53","modified_gmt":"2026-01-23T15:56:53","slug":"links-main","status":"publish","type":"page","link":"https:\/\/tanzen-weilheim.de\/cms\/links-main","title":{"rendered":"Links"},"content":{"rendered":"\n<p style=\"font-size:9px\">Mit Urteil vom 12. Mai 1998 hat das Landgericht Hamburg entschieden, dass man durch die Ausbringung eines Links die Inhalte der gelinkten Seite ggf. mit zu verantworten hat. Dies kann, so das LG, nur dadurch verhindert werden, dass man sich ausdr\u00fccklich von diesen Inhalten distanziert.<br>F\u00fcr alle Links auf externe Seiten gilt: Die Tanzsportabteilung erkl\u00e4rt ausdr\u00fccklich, dass sie keinerlei Einfluss auf die Gestaltung und die Inhalte der gelinkten Seiten hat. Deshalb distanziert sich die Tanzsportabteilung hiermit ausdr\u00fccklich von allen Inhalten aller gelinkten Seiten auf dieser Website und macht sich diese Inhalte nicht zu Eigen.<br>Diese Erkl\u00e4rung gilt f\u00fcr alle auf dieser Website angezeigten Links und f\u00fcr alle Inhalte der Seiten, zu denen hier sichtbare Banner, Buttons und Links f\u00fchren.<\/p>\n\n\n\n<p class=\"has-text-align-center\">Hier findest du uns auf INSTAGRAM<\/p>\n\n\n<div class=\"wp-block-image\">\n<figure class=\"aligncenter size-full is-resized\"><img loading=\"lazy\" decoding=\"async\" width=\"2350\" height=\"2700\" src=\"https:\/\/tanzen-weilheim.de\/cms\/wp-content\/uploads\/2026\/01\/tanzen_weilheim_qr.png\" alt=\"\" class=\"wp-image-26616\" style=\"width:167px;height:auto\" srcset=\"https:\/\/tanzen-weilheim.de\/cms\/wp-content\/uploads\/2026\/01\/tanzen_weilheim_qr.png 2350w, https:\/\/tanzen-weilheim.de\/cms\/wp-content\/uploads\/2026\/01\/tanzen_weilheim_qr-1671x1920.png 1671w, https:\/\/tanzen-weilheim.de\/cms\/wp-content\/uploads\/2026\/01\/tanzen_weilheim_qr-836x960.png 836w, https:\/\/tanzen-weilheim.de\/cms\/wp-content\/uploads\/2026\/01\/tanzen_weilheim_qr-768x882.png 768w, https:\/\/tanzen-weilheim.de\/cms\/wp-content\/uploads\/2026\/01\/tanzen_weilheim_qr-1337x1536.png 1337w, https:\/\/tanzen-weilheim.de\/cms\/wp-content\/uploads\/2026\/01\/tanzen_weilheim_qr-1783x2048.png 1783w, https:\/\/tanzen-weilheim.de\/cms\/wp-content\/uploads\/2026\/01\/tanzen_weilheim_qr-400x460.png 400w\" sizes=\"auto, (max-width: 2350px) 100vw, 2350px\" \/><\/figure><\/div>\n\n\n<figure class=\"wp-block-gallery has-nested-images columns-4 is-cropped wp-block-gallery-1 is-layout-flex wp-block-gallery-is-layout-flex\">\n<figure class=\"wp-block-image\"><img loading=\"lazy\" decoding=\"async\" width=\"792\" height=\"831\" data-id=\"14583\" src=\"https:\/\/tanzen-weilheim.de\/cms\/wp-content\/uploads\/2020\/01\/TSV-Weilheim-Logo-Vektor-1.jpg\" alt=\"\" class=\"wp-image-14583\" srcset=\"https:\/\/tanzen-weilheim.de\/cms\/wp-content\/uploads\/2020\/01\/TSV-Weilheim-Logo-Vektor-1.jpg 792w, https:\/\/tanzen-weilheim.de\/cms\/wp-content\/uploads\/2020\/01\/TSV-Weilheim-Logo-Vektor-1-768x806.jpg 768w, https:\/\/tanzen-weilheim.de\/cms\/wp-content\/uploads\/2020\/01\/TSV-Weilheim-Logo-Vektor-1-400x420.jpg 400w\" sizes=\"auto, (max-width: 792px) 100vw, 792px\" \/><figcaption class=\"wp-element-caption\">TSV Weilheim<\/figcaption><\/figure>\n\n\n\n<figure class=\"wp-block-image\"><img loading=\"lazy\" decoding=\"async\" width=\"2722\" height=\"753\" data-id=\"13863\" src=\"https:\/\/tanzen-weilheim.de\/cms\/wp-content\/uploads\/2019\/08\/logo_ltvb_2019.jpg\" alt=\"\" class=\"wp-image-13863\" srcset=\"https:\/\/tanzen-weilheim.de\/cms\/wp-content\/uploads\/2019\/08\/logo_ltvb_2019.jpg 2722w, https:\/\/tanzen-weilheim.de\/cms\/wp-content\/uploads\/2019\/08\/logo_ltvb_2019-960x266.jpg 960w, https:\/\/tanzen-weilheim.de\/cms\/wp-content\/uploads\/2019\/08\/logo_ltvb_2019-1920x531.jpg 1920w, https:\/\/tanzen-weilheim.de\/cms\/wp-content\/uploads\/2019\/08\/logo_ltvb_2019-768x212.jpg 768w, https:\/\/tanzen-weilheim.de\/cms\/wp-content\/uploads\/2019\/08\/logo_ltvb_2019-400x111.jpg 400w\" sizes=\"auto, (max-width: 2722px) 100vw, 2722px\" \/><figcaption class=\"wp-element-caption\">LTVB<\/figcaption><\/figure>\n\n\n\n<figure class=\"wp-block-image\"><img loading=\"lazy\" decoding=\"async\" width=\"209\" height=\"150\" data-id=\"11968\" src=\"https:\/\/tanzen-weilheim.de\/cms\/wp-content\/uploads\/2018\/12\/dtvlogo_icon_150px.jpg\" alt=\"\" class=\"wp-image-11968\"\/><figcaption class=\"wp-element-caption\">DTV<\/figcaption><\/figure>\n\n\n\n<figure class=\"wp-block-image\"><img loading=\"lazy\" decoding=\"async\" width=\"70\" height=\"63\" data-id=\"11970\" src=\"https:\/\/tanzen-weilheim.de\/cms\/wp-content\/uploads\/2018\/12\/WDSF-logo-notext.png\" alt=\"\" class=\"wp-image-11970\"\/><figcaption class=\"wp-element-caption\">WDSF<\/figcaption><\/figure>\n\n\n\n<figure class=\"wp-block-image\"><img loading=\"lazy\" decoding=\"async\" width=\"258\" height=\"195\" data-id=\"14506\" src=\"https:\/\/tanzen-weilheim.de\/cms\/wp-content\/uploads\/2020\/01\/Trepperl.jpg\" alt=\"\" class=\"wp-image-14506\"\/><figcaption class=\"wp-element-caption\">ESVPortal<\/figcaption><\/figure>\n\n\n\n<figure class=\"wp-block-image\"><img loading=\"lazy\" decoding=\"async\" width=\"1000\" height=\"1000\" data-id=\"15172\" src=\"https:\/\/tanzen-weilheim.de\/cms\/wp-content\/uploads\/2020\/07\/TZN_FNL_white.png\" alt=\"\" class=\"wp-image-15172\" srcset=\"https:\/\/tanzen-weilheim.de\/cms\/wp-content\/uploads\/2020\/07\/TZN_FNL_white.png 1000w, https:\/\/tanzen-weilheim.de\/cms\/wp-content\/uploads\/2020\/07\/TZN_FNL_white-960x960.png 960w, https:\/\/tanzen-weilheim.de\/cms\/wp-content\/uploads\/2020\/07\/TZN_FNL_white-768x768.png 768w, https:\/\/tanzen-weilheim.de\/cms\/wp-content\/uploads\/2020\/07\/TZN_FNL_white-200x200.png 200w, https:\/\/tanzen-weilheim.de\/cms\/wp-content\/uploads\/2020\/07\/TZN_FNL_white-400x400.png 400w\" sizes=\"auto, (max-width: 1000px) 100vw, 1000px\" \/><figcaption class=\"wp-element-caption\"><a href=\"http:\/\/www.tanzen-weilheim.de\/cms\/wp-admin\/\">WEB TSA Weilheim<\/a><\/figcaption><\/figure>\n\n\n\n<figure class=\"wp-block-image\"><img loading=\"lazy\" decoding=\"async\" width=\"268\" height=\"300\" data-id=\"11971\" src=\"https:\/\/tanzen-weilheim.de\/cms\/wp-content\/uploads\/2018\/12\/F\u00f6V-1.jpg\" alt=\"\" class=\"wp-image-11971\"\/><figcaption class=\"wp-element-caption\"><a href=\"https:\/\/tanzen-weilheim.de\/cms\/foerderverein-fuer-tanzsport-im-raum-weilheim-e-v\">F\u00f6rderverein<\/a><\/figcaption><\/figure>\n<\/figure>\n\n\n\n<figure class=\"wp-block-table is-style-stripes\"><table><tbody><tr><td><br><br><br><\/td><td><a href=\"http:\/\/www.tsv-weilheim.com\/\">offizielle Seite des TSV 1847 Weilheim e.V.<\/a><br><\/td><\/tr><tr><td><\/td><td><a href=\"http:\/\/www.ltvb.de\/\">offizielle Seite des Landestanzsportverband Bayern<\/a><\/td><\/tr><tr><td><\/td><td><a href=\"http:\/\/www.tanzsport.de\/\">offizielle Seite des Deutschen Tanzsportverbands<\/a><\/td><\/tr><tr><td><\/td><td><a href=\"https:\/\/www.worlddancesport.org\/\">offizielle Seite world Dance Sport federation (WDSF)<\/a><br><\/td><\/tr><tr><td><\/td><td><a href=\"http:\/\/tanzen-weilheim-foerderverein.de\/\">offizielle Seite Verein zur F\u00f6rderung des Tanzsports im Raum Weilheim e.V.<\/a><br><a href=\"https:\/\/ev.tanzsport-portal.de\">ESV Tanzportal <\/a><br><\/td><\/tr><tr><td><\/td><td><br><a href=\"http:\/\/www.tanzen-weilheim.de\/cms\/wp-admin\/\">WEB&nbsp;Seite&nbsp;bearbeiten<\/a><br><a href=\"https:\/\/tanzen-weilheim.de\/cms\/foerderverein-fuer-tanzsport-im-raum-weilheim-e-v\">Foerderverein f\u00fcr Tanzsport im Raum Weilheim e.V.<\/a><br><\/td><\/tr><\/tbody><\/table><\/figure>\n","protected":false},"excerpt":{"rendered":"<p>Mit Urteil vom 12. Mai 1998 hat das Landgericht Hamburg entschieden, dass man durch die Ausbringung eines Links die Inhalte der gelinkten Seite ggf. mit zu verantworten hat. Dies kann, so das LG, nur dadurch verhindert werden, dass man sich ausdr\u00fccklich von diesen Inhalten distanziert.F\u00fcr alle Links auf externe Seiten gilt: Die Tanzsportabteilung erkl\u00e4rt ausdr\u00fccklich, [&hellip;]<\/p>\n","protected":false},"author":8,"featured_media":0,"parent":0,"menu_order":0,"comment_status":"closed","ping_status":"closed","template":"","meta":{"footnotes":""},"class_list":["post-11","page","type-page","status-publish","hentry"],"jetpack_sharing_enabled":true,"_links":{"self":[{"href":"https:\/\/tanzen-weilheim.de\/cms\/wp-json\/wp\/v2\/pages\/11","targetHints":{"allow":["GET"]}}],"collection":[{"href":"https:\/\/tanzen-weilheim.de\/cms\/wp-json\/wp\/v2\/pages"}],"about":[{"href":"https:\/\/tanzen-weilheim.de\/cms\/wp-json\/wp\/v2\/types\/page"}],"author":[{"embeddable":true,"href":"https:\/\/tanzen-weilheim.de\/cms\/wp-json\/wp\/v2\/users\/8"}],"replies":[{"embeddable":true,"href":"https:\/\/tanzen-weilheim.de\/cms\/wp-json\/wp\/v2\/comments?post=11"}],"version-history":[{"count":71,"href":"https:\/\/tanzen-weilheim.de\/cms\/wp-json\/wp\/v2\/pages\/11\/revisions"}],"predecessor-version":[{"id":26617,"href":"https:\/\/tanzen-weilheim.de\/cms\/wp-json\/wp\/v2\/pages\/11\/revisions\/26617"}],"wp:attachment":[{"href":"https:\/\/tanzen-weilheim.de\/cms\/wp-json\/wp\/v2\/media?parent=11"}],"curies":[{"name":"wp","href":"https:\/\/api.w.org\/{rel}","templated":true}]}}