{"id":10,"date":"2008-01-16T10:58:06","date_gmt":"2008-01-16T09:58:06","guid":{"rendered":"http:\/\/www.tanzen-weilheim.de\/cms\/?page_id=10"},"modified":"2026-03-26T19:51:22","modified_gmt":"2026-03-26T18:51:22","slug":"mitglied-werden","status":"publish","type":"page","link":"https:\/\/tanzen-weilheim.de\/cms\/mitglied-werden","title":{"rendered":"Mitglied werden"},"content":{"rendered":"\n<p>Du willst bei uns mittanzen?<\/p>\n\n\n\n<p>Dazu brauchst Du eine&nbsp;<strong>Mitgliedschaft im Hauptverein TSV 1847 Weilheim e.V.<\/strong>&nbsp;und in unserer&nbsp;<strong>TanzSportAbteilung<\/strong><\/p>\n\n\n\n<p><strong>Zum gemeinsamen papierlosen Mitgliedsantrag geht es <strong><a href=\"http:\/\/www.tsv-weilheim.com\/beitraege-und-antrag\/\">hier<\/a><\/strong><\/strong> <br>bitte\u00a0in diesem online-Mitgliedsantrag &#8222;<strong>Tanzsport&#8220;\u00a0<\/strong>ankreuzen.<\/p>\n\n\n\n<h3 class=\"wp-block-heading has-text-align-left\"><strong> Spartenbeitr\u00e4ge der TanzSportAbteilung<\/strong><\/h3>\n\n\n\n<p><em>Die Beitr\u00e4ge gelten <strong>zus\u00e4tzlich<\/strong> zum Grundbeitrag des <strong>Hauptvereins<\/strong>. <\/em><br><em>Der Einzug erfolgt  1\/4-j\u00e4hrlich und vom Hauptverein TSV 1847 Weilheim eingezogen.<\/em><br><\/p>\n\n\n\n<figure class=\"wp-block-table\"><table><thead><tr><th><strong>Mitgliedschaft<\/strong> Tanzsportabteilung<\/th><th>Monatsbeitrag<\/th><th><strong>Jahresbeitrag<\/strong><\/th><th>Monats-<br>beitrag ab 1.1.2027<\/th><th>Jahres-<br>beitrag ab 1.1.2027<\/th><\/tr><\/thead><tbody><tr><td>Kinder  &amp; Jugendliche bis 16 Jahre<\/td><td>2,50 \u20ac<\/td><td>30 \u20ac<\/td><td>3 \u20ac<\/td><td>36 \u20ac<\/td><\/tr><tr><td>Jugendliche bis 18 Jahre<\/td><td>5 \u20ac<\/td><td>60 \u20ac<\/td><td>6 \u20ac<\/td><td>72 \u20ac<\/td><\/tr><tr><td>Erwachsene<\/td><td>10 \u20ac<\/td><td>120 \u20ac<\/td><td>12 \u20ac<\/td><td>144 \u20ac<\/td><\/tr><tr><td>Erwachsene \u00dc60 (ab dem darauffolgenden Kalenderjahr)<\/td><td>8,33 \u20ac<\/td><td>100 \u20ac<\/td><td>&#8212;&#8212;&#8212;&#8211;<\/td><td>&#8212;&#8212;&#8212;&#8211;<\/td><\/tr><tr><td>Erm\u00e4\u00dfigt&nbsp;(gegen Nachweis)Sch\u00fcler*innen, Studierende bis 26 Jahre, Azubis, Schwerbehinderte &gt;50 %<\/td><td>5 \u20ac<\/td><td>60 \u20ac<\/td><td>6 \u20ac<\/td><td>72 \u20ac<\/td><\/tr><tr><td>passive Mitgliedschaft<\/td><td>1 \u20ac<\/td><td>12 \u20ac<\/td><td>1,20 \u20ac<\/td><td>14,40 \u20ac<\/td><\/tr><\/tbody><\/table><\/figure>\n\n\n\n<p><strong>Hinweis: <\/strong>f\u00fcr die Nutzung der &#8222;freien Trainingszeiten&#8220; kann jedes Mitglied der TSA (&gt;18 Jahre; aktives Mitglied) einen &#8222;Zugangs&#8220;-Chip f\u00fcr 20 \u20ac\/Jahr (1 x Kaution von 10 Euro) erwerben. Hierzu bitte an Kontakt mit abteilungsleiter@tanzen-weilheim.de aufnehmen, es wird ein Chip-Nutzungsvertrag abgeschlossen und es gibt eine Einweisung zum Thema Hallen-\/Saal- und Musikanlagen-Nutzung.<\/p>\n\n\n\n<p class=\"has-very-dark-gray-color has-white-background-color has-text-color has-background has-medium-font-size\">Der Tanzsport wird im Raum Weilheim vom <br><strong>F\u00f6rderverein f\u00fcr Tanzen im Raum Weilheim e.V.<\/strong> unterst\u00fctzt.<br>Mitgliederbeitrag 15 \u20ac \/Jahre \/\/ Spendenbescheinigungen k\u00f6nnen ausgestellt werden<br><strong><a href=\"https:\/\/tanzen-weilheim.de\/cms\/foerderverein-fuer-tanzsport-im-raum-weilheim-e-v\">Kontakt und Mitgliederantrag F\u00f6rderverein&nbsp;f\u00fcr&nbsp;Tanzen&nbsp;im&nbsp;Raum&nbsp;Weilheim&nbsp;e.V.<\/a><\/strong><br><br><br><\/p>\n","protected":false},"excerpt":{"rendered":"<p>Du willst bei uns mittanzen? Dazu brauchst Du eine&nbsp;Mitgliedschaft im Hauptverein TSV 1847 Weilheim e.V.&nbsp;und in unserer&nbsp;TanzSportAbteilung Zum gemeinsamen papierlosen Mitgliedsantrag geht es hier bitte\u00a0in diesem online-Mitgliedsantrag &#8222;Tanzsport&#8220;\u00a0ankreuzen. Spartenbeitr\u00e4ge der TanzSportAbteilung Die Beitr\u00e4ge gelten zus\u00e4tzlich zum Grundbeitrag des Hauptvereins. Der Einzug erfolgt 1\/4-j\u00e4hrlich und vom Hauptverein TSV 1847 Weilheim eingezogen. Mitgliedschaft Tanzsportabteilung Monatsbeitrag Jahresbeitrag Monats-beitrag [&hellip;]<\/p>\n","protected":false},"author":8,"featured_media":0,"parent":0,"menu_order":0,"comment_status":"closed","ping_status":"closed","template":"","meta":{"footnotes":""},"class_list":["post-10","page","type-page","status-publish","hentry"],"jetpack_sharing_enabled":true,"_links":{"self":[{"href":"https:\/\/tanzen-weilheim.de\/cms\/wp-json\/wp\/v2\/pages\/10","targetHints":{"allow":["GET"]}}],"collection":[{"href":"https:\/\/tanzen-weilheim.de\/cms\/wp-json\/wp\/v2\/pages"}],"about":[{"href":"https:\/\/tanzen-weilheim.de\/cms\/wp-json\/wp\/v2\/types\/page"}],"author":[{"embeddable":true,"href":"https:\/\/tanzen-weilheim.de\/cms\/wp-json\/wp\/v2\/users\/8"}],"replies":[{"embeddable":true,"href":"https:\/\/tanzen-weilheim.de\/cms\/wp-json\/wp\/v2\/comments?post=10"}],"version-history":[{"count":77,"href":"https:\/\/tanzen-weilheim.de\/cms\/wp-json\/wp\/v2\/pages\/10\/revisions"}],"predecessor-version":[{"id":27083,"href":"https:\/\/tanzen-weilheim.de\/cms\/wp-json\/wp\/v2\/pages\/10\/revisions\/27083"}],"wp:attachment":[{"href":"https:\/\/tanzen-weilheim.de\/cms\/wp-json\/wp\/v2\/media?parent=10"}],"curies":[{"name":"wp","href":"https:\/\/api.w.org\/{rel}","templated":true}]}}